{"id":828,"date":"2017-10-23T15:53:16","date_gmt":"2017-10-23T13:53:16","guid":{"rendered":"http:\/\/roforge.fr\/produit\/clapet-swbwnpt-roforge\/"},"modified":"2018-06-18T16:34:09","modified_gmt":"2018-06-18T14:34:09","slug":"roforge-check-valve-sw-bw-npt","status":"publish","type":"product","link":"https:\/\/roforge.fr\/en\/produit\/roforge-check-valve-sw-bw-npt\/","title":{"rendered":"ROFORGE Check valve &#8211; SW\/BW\/NPT"},"content":{"rendered":"<p class=\"p1\"><span class=\"s1\"><b>Use<\/b><\/span><\/p>\n<p class=\"p1\">&#8211;\u00a0Anti-return<\/p>\n<p class=\"p2\"><b>Performance indicators<\/b><\/p>\n<p class=\"p3\">&#8211;\u00a0Seat tightness reliability <span class=\"Apple-converted-space\">\u00a0 \u00a0 \u00a0 \u00a0<img decoding=\"async\" class=\"usr\" src=\"https:\/\/roforge.fr\/wp-content\/plugins\/universal-star-rating\/includes\/image.php?img=10.png&amp;px=12&amp;max=6&amp;rat=4\" alt=\"4 out of 6 stars\" style=\"height: 12px !important;\" \/> (4 \/ 6)<\/span><\/p>\n<p class=\"p3\">&#8211;\u00a0Flow coefficient (Cv) <span class=\"Apple-converted-space\">\u00a0 \u00a0 \u00a0<img decoding=\"async\" class=\"usr\" src=\"https:\/\/roforge.fr\/wp-content\/plugins\/universal-star-rating\/includes\/image.php?img=10.png&amp;px=12&amp;max=6&amp;rat=3\" alt=\"3 out of 6 stars\" style=\"height: 12px !important;\" \/> (3 \/ 6)<\/span><\/p>\n<p class=\"p4\">&#8211;\u00a0Temperature\u00a0range <span class=\"Apple-converted-space\">\u00a0 \u00a0 \u00a0<img decoding=\"async\" class=\"usr\" src=\"https:\/\/roforge.fr\/wp-content\/plugins\/universal-star-rating\/includes\/image.php?img=10.png&amp;px=12&amp;max=6&amp;rat=5\" alt=\"5 out of 6 stars\" style=\"height: 12px !important;\" \/> (5 \/ 6)<\/span><\/p>\n<p class=\"p1\"><span class=\"s1\"><b>Field of application<\/b><\/span><\/p>\n<p class=\"p1\">&#8211;\u00a0Oil industry, petrochemicals, chemical industry, energy industry, general industry, naval industry<\/p>\n<p class=\"p2\"><b>Typical operating conditions<\/b><\/p>\n<p class=\"p3\">-General fluids up to 425 \u00b0C (A105N type steel)<\/p>\n<p class=\"p3\">-Low temperatures down to -46\u00b0C (A350 LF2 type steel)<\/p>\n<p class=\"p3\">&#8211;\u00a0\u00a0High temperatures up to 600 \u00b0C (1) (F11, F22, F5 type alloyed steels)<\/p>\n<p class=\"p4\">&#8211;\u00a0\u00a0Corrosive fluids (2) (304L, 316L type stainless steels)<\/p>\n<p class=\"p2\"><b>Design standards<\/b><\/p>\n<p class=\"p3\">&#8211; Design<\/p>\n<p class=\"p3\">API 602 \/ ISO 15761<\/p>\n<p class=\"p3\">ASME B16.34 \/ EN 12516-1<\/p>\n<p class=\"p3\">&#8211; SW<\/p>\n<p class=\"p3\">ASME B16.11 \/ EN 12760<\/p>\n<p class=\"p3\">&#8211; BW<\/p>\n<p class=\"p3\">ASME B16.25 \/ EN 12627<\/p>\n<p class=\"p3\">&#8211; NPT<\/p>\n<p class=\"p3\">ASMEB16.11 \/<\/p>\n<p class=\"p4\">&#8211; Testing<\/p>\n<p class=\"p4\">API 598 \/ EN 12266<\/p>\n<p class=\"p2\"><b>CERTIFICATION<\/b><\/p>\n<p class=\"p5\">PED certification (article 4.3 for NPS \u2264 1 \/ categories I and II for NPS &gt; 1)<\/p>\n<p class=\"p1\">ATEX Ex II 2 GD T4 certification on demand<\/p>\n<p class=\"p6\"><sup>(1)\u00a0According to shell materials combination<\/sup><\/p>\n<p class=\"p6\"><sup>(2)\u00a0According to corrosion tables and process experience<\/sup><\/p>\n","protected":false},"excerpt":{"rendered":"<p>FORGED BALL \/PISTON CHECK VALVE &#8211; BOLTED COVER<br \/>\nSW\/BW\/NPT ENDS<br \/>\nCLASS 800 \u2013 1500<\/p>\n","protected":false},"featured_media":875,"template":"","meta":{"_acf_changed":false,"inline_featured_image":false},"product_brand":[],"product_cat":[53],"product_tag":[70,71,72,73,75,74,49],"class_list":{"0":"post-828","1":"product","2":"type-product","3":"status-publish","4":"has-post-thumbnail","6":"product_cat-check-valve-en","7":"product_tag-chemistry-en","8":"product_tag-energy-en","9":"product_tag-industry-en","10":"product_tag-navy-armament-en","11":"product_tag-oil-en","12":"product_tag-petrochemical-en","13":"product_tag-roforge-en","15":"first","16":"instock","17":"downloadable","18":"shipping-taxable","19":"product-type-simple"},"acf":[],"yoast_head":"<!-- This site is optimized with the Yoast SEO plugin v27.3 - https:\/\/yoast.com\/product\/yoast-seo-wordpress\/ -->\n<title>ROFORGE Check valve - SW\/BW\/NPT - Roforge, concepteur fabricant de solutions innovantes de robinetterie industrielle, forg\u00e9e et moul\u00e9e<\/title>\n<meta name=\"robots\" content=\"index, follow, max-snippet:-1, max-image-preview:large, max-video-preview:-1\" \/>\n<link rel=\"canonical\" href=\"https:\/\/roforge.fr\/en\/produit\/roforge-check-valve-sw-bw-npt\/\" \/>\n<meta property=\"og:locale\" content=\"en_US\" \/>\n<meta property=\"og:type\" content=\"article\" \/>\n<meta property=\"og:title\" content=\"ROFORGE Check valve - SW\/BW\/NPT - Roforge, concepteur fabricant de solutions innovantes de robinetterie industrielle, forg\u00e9e et moul\u00e9e\" \/>\n<meta property=\"og:description\" content=\"FORGED BALL \/PISTON CHECK VALVE - BOLTED COVER SW\/BW\/NPT ENDS CLASS 800 \u2013 1500\" \/>\n<meta property=\"og:url\" content=\"https:\/\/roforge.fr\/en\/produit\/roforge-check-valve-sw-bw-npt\/\" \/>\n<meta property=\"og:site_name\" content=\"Roforge, concepteur fabricant de solutions innovantes de robinetterie industrielle, forg\u00e9e et moul\u00e9e\" \/>\n<meta property=\"article:modified_time\" content=\"2018-06-18T14:34:09+00:00\" \/>\n<meta property=\"og:image\" content=\"https:\/\/roforge.fr\/wp-content\/uploads\/2017\/12\/FT9-Clapet-de-non-retour-forge-a-couvercle-boulonne-3D.jpg\" \/>\n\t<meta property=\"og:image:width\" content=\"572\" \/>\n\t<meta property=\"og:image:height\" content=\"754\" \/>\n\t<meta property=\"og:image:type\" content=\"image\/jpeg\" \/>\n<meta name=\"twitter:card\" content=\"summary_large_image\" \/>\n<meta name=\"twitter:label1\" content=\"Est. reading time\" \/>\n\t<meta name=\"twitter:data1\" content=\"1 minute\" \/>\n<script type=\"application\/ld+json\" class=\"yoast-schema-graph\">{\"@context\":\"https:\\\/\\\/schema.org\",\"@graph\":[{\"@type\":\"WebPage\",\"@id\":\"https:\\\/\\\/roforge.fr\\\/en\\\/produit\\\/roforge-check-valve-sw-bw-npt\\\/\",\"url\":\"https:\\\/\\\/roforge.fr\\\/en\\\/produit\\\/roforge-check-valve-sw-bw-npt\\\/\",\"name\":\"ROFORGE Check valve - SW\\\/BW\\\/NPT - Roforge, concepteur fabricant de solutions innovantes de robinetterie industrielle, forg\u00e9e et moul\u00e9e\",\"isPartOf\":{\"@id\":\"https:\\\/\\\/roforge.fr\\\/#website\"},\"primaryImageOfPage\":{\"@id\":\"https:\\\/\\\/roforge.fr\\\/en\\\/produit\\\/roforge-check-valve-sw-bw-npt\\\/#primaryimage\"},\"image\":{\"@id\":\"https:\\\/\\\/roforge.fr\\\/en\\\/produit\\\/roforge-check-valve-sw-bw-npt\\\/#primaryimage\"},\"thumbnailUrl\":\"https:\\\/\\\/roforge.fr\\\/wp-content\\\/uploads\\\/2017\\\/12\\\/FT9-Clapet-de-non-retour-forge-a-couvercle-boulonne-3D.jpg\",\"datePublished\":\"2017-10-23T13:53:16+00:00\",\"dateModified\":\"2018-06-18T14:34:09+00:00\",\"breadcrumb\":{\"@id\":\"https:\\\/\\\/roforge.fr\\\/en\\\/produit\\\/roforge-check-valve-sw-bw-npt\\\/#breadcrumb\"},\"inLanguage\":\"en-US\",\"potentialAction\":[{\"@type\":\"ReadAction\",\"target\":[\"https:\\\/\\\/roforge.fr\\\/en\\\/produit\\\/roforge-check-valve-sw-bw-npt\\\/\"]}]},{\"@type\":\"ImageObject\",\"inLanguage\":\"en-US\",\"@id\":\"https:\\\/\\\/roforge.fr\\\/en\\\/produit\\\/roforge-check-valve-sw-bw-npt\\\/#primaryimage\",\"url\":\"https:\\\/\\\/roforge.fr\\\/wp-content\\\/uploads\\\/2017\\\/12\\\/FT9-Clapet-de-non-retour-forge-a-couvercle-boulonne-3D.jpg\",\"contentUrl\":\"https:\\\/\\\/roforge.fr\\\/wp-content\\\/uploads\\\/2017\\\/12\\\/FT9-Clapet-de-non-retour-forge-a-couvercle-boulonne-3D.jpg\",\"width\":572,\"height\":754},{\"@type\":\"BreadcrumbList\",\"@id\":\"https:\\\/\\\/roforge.fr\\\/en\\\/produit\\\/roforge-check-valve-sw-bw-npt\\\/#breadcrumb\",\"itemListElement\":[{\"@type\":\"ListItem\",\"position\":1,\"name\":\"Accueil\",\"item\":\"https:\\\/\\\/roforge.fr\\\/en\\\/\"},{\"@type\":\"ListItem\",\"position\":2,\"name\":\"Produits\",\"item\":\"https:\\\/\\\/roforge.fr\\\/shop\\\/\"},{\"@type\":\"ListItem\",\"position\":3,\"name\":\"ROFORGE Check valve &#8211; SW\\\/BW\\\/NPT\"}]},{\"@type\":\"WebSite\",\"@id\":\"https:\\\/\\\/roforge.fr\\\/#website\",\"url\":\"https:\\\/\\\/roforge.fr\\\/\",\"name\":\"Roforge, concepteur fabricant de solutions innovantes de robinetterie industrielle, forg\u00e9e et moul\u00e9e\",\"description\":\"Solutions de robinetterie forg\u00e9e et moul\u00e9e\",\"publisher\":{\"@id\":\"https:\\\/\\\/roforge.fr\\\/#organization\"},\"potentialAction\":[{\"@type\":\"SearchAction\",\"target\":{\"@type\":\"EntryPoint\",\"urlTemplate\":\"https:\\\/\\\/roforge.fr\\\/?s={search_term_string}\"},\"query-input\":{\"@type\":\"PropertyValueSpecification\",\"valueRequired\":true,\"valueName\":\"search_term_string\"}}],\"inLanguage\":\"en-US\"},{\"@type\":\"Organization\",\"@id\":\"https:\\\/\\\/roforge.fr\\\/#organization\",\"name\":\"ROFORGE\",\"url\":\"https:\\\/\\\/roforge.fr\\\/\",\"logo\":{\"@type\":\"ImageObject\",\"inLanguage\":\"en-US\",\"@id\":\"https:\\\/\\\/roforge.fr\\\/#\\\/schema\\\/logo\\\/image\\\/\",\"url\":\"https:\\\/\\\/roforge.fr\\\/wp-content\\\/uploads\\\/2018\\\/01\\\/picto-roforge.png\",\"contentUrl\":\"https:\\\/\\\/roforge.fr\\\/wp-content\\\/uploads\\\/2018\\\/01\\\/picto-roforge.png\",\"width\":104,\"height\":31,\"caption\":\"ROFORGE\"},\"image\":{\"@id\":\"https:\\\/\\\/roforge.fr\\\/#\\\/schema\\\/logo\\\/image\\\/\"},\"sameAs\":[\"https:\\\/\\\/www.linkedin.com\\\/company\\\/69402884\\\/\"]}]}<\/script>\n<!-- \/ Yoast SEO plugin. -->","yoast_head_json":{"title":"ROFORGE Check valve - SW\/BW\/NPT - Roforge, concepteur fabricant de solutions innovantes de robinetterie industrielle, forg\u00e9e et moul\u00e9e","robots":{"index":"index","follow":"follow","max-snippet":"max-snippet:-1","max-image-preview":"max-image-preview:large","max-video-preview":"max-video-preview:-1"},"canonical":"https:\/\/roforge.fr\/en\/produit\/roforge-check-valve-sw-bw-npt\/","og_locale":"en_US","og_type":"article","og_title":"ROFORGE Check valve - SW\/BW\/NPT - Roforge, concepteur fabricant de solutions innovantes de robinetterie industrielle, forg\u00e9e et moul\u00e9e","og_description":"FORGED BALL \/PISTON CHECK VALVE - BOLTED COVER SW\/BW\/NPT ENDS CLASS 800 \u2013 1500","og_url":"https:\/\/roforge.fr\/en\/produit\/roforge-check-valve-sw-bw-npt\/","og_site_name":"Roforge, concepteur fabricant de solutions innovantes de robinetterie industrielle, forg\u00e9e et moul\u00e9e","article_modified_time":"2018-06-18T14:34:09+00:00","og_image":[{"width":572,"height":754,"url":"https:\/\/roforge.fr\/wp-content\/uploads\/2017\/12\/FT9-Clapet-de-non-retour-forge-a-couvercle-boulonne-3D.jpg","type":"image\/jpeg"}],"twitter_card":"summary_large_image","twitter_misc":{"Est. reading time":"1 minute"},"schema":{"@context":"https:\/\/schema.org","@graph":[{"@type":"WebPage","@id":"https:\/\/roforge.fr\/en\/produit\/roforge-check-valve-sw-bw-npt\/","url":"https:\/\/roforge.fr\/en\/produit\/roforge-check-valve-sw-bw-npt\/","name":"ROFORGE Check valve - SW\/BW\/NPT - Roforge, concepteur fabricant de solutions innovantes de robinetterie industrielle, forg\u00e9e et moul\u00e9e","isPartOf":{"@id":"https:\/\/roforge.fr\/#website"},"primaryImageOfPage":{"@id":"https:\/\/roforge.fr\/en\/produit\/roforge-check-valve-sw-bw-npt\/#primaryimage"},"image":{"@id":"https:\/\/roforge.fr\/en\/produit\/roforge-check-valve-sw-bw-npt\/#primaryimage"},"thumbnailUrl":"https:\/\/roforge.fr\/wp-content\/uploads\/2017\/12\/FT9-Clapet-de-non-retour-forge-a-couvercle-boulonne-3D.jpg","datePublished":"2017-10-23T13:53:16+00:00","dateModified":"2018-06-18T14:34:09+00:00","breadcrumb":{"@id":"https:\/\/roforge.fr\/en\/produit\/roforge-check-valve-sw-bw-npt\/#breadcrumb"},"inLanguage":"en-US","potentialAction":[{"@type":"ReadAction","target":["https:\/\/roforge.fr\/en\/produit\/roforge-check-valve-sw-bw-npt\/"]}]},{"@type":"ImageObject","inLanguage":"en-US","@id":"https:\/\/roforge.fr\/en\/produit\/roforge-check-valve-sw-bw-npt\/#primaryimage","url":"https:\/\/roforge.fr\/wp-content\/uploads\/2017\/12\/FT9-Clapet-de-non-retour-forge-a-couvercle-boulonne-3D.jpg","contentUrl":"https:\/\/roforge.fr\/wp-content\/uploads\/2017\/12\/FT9-Clapet-de-non-retour-forge-a-couvercle-boulonne-3D.jpg","width":572,"height":754},{"@type":"BreadcrumbList","@id":"https:\/\/roforge.fr\/en\/produit\/roforge-check-valve-sw-bw-npt\/#breadcrumb","itemListElement":[{"@type":"ListItem","position":1,"name":"Accueil","item":"https:\/\/roforge.fr\/en\/"},{"@type":"ListItem","position":2,"name":"Produits","item":"https:\/\/roforge.fr\/shop\/"},{"@type":"ListItem","position":3,"name":"ROFORGE Check valve &#8211; SW\/BW\/NPT"}]},{"@type":"WebSite","@id":"https:\/\/roforge.fr\/#website","url":"https:\/\/roforge.fr\/","name":"Roforge, concepteur fabricant de solutions innovantes de robinetterie industrielle, forg\u00e9e et moul\u00e9e","description":"Solutions de robinetterie forg\u00e9e et moul\u00e9e","publisher":{"@id":"https:\/\/roforge.fr\/#organization"},"potentialAction":[{"@type":"SearchAction","target":{"@type":"EntryPoint","urlTemplate":"https:\/\/roforge.fr\/?s={search_term_string}"},"query-input":{"@type":"PropertyValueSpecification","valueRequired":true,"valueName":"search_term_string"}}],"inLanguage":"en-US"},{"@type":"Organization","@id":"https:\/\/roforge.fr\/#organization","name":"ROFORGE","url":"https:\/\/roforge.fr\/","logo":{"@type":"ImageObject","inLanguage":"en-US","@id":"https:\/\/roforge.fr\/#\/schema\/logo\/image\/","url":"https:\/\/roforge.fr\/wp-content\/uploads\/2018\/01\/picto-roforge.png","contentUrl":"https:\/\/roforge.fr\/wp-content\/uploads\/2018\/01\/picto-roforge.png","width":104,"height":31,"caption":"ROFORGE"},"image":{"@id":"https:\/\/roforge.fr\/#\/schema\/logo\/image\/"},"sameAs":["https:\/\/www.linkedin.com\/company\/69402884\/"]}]}},"_links":{"self":[{"href":"https:\/\/roforge.fr\/en\/wp-json\/wp\/v2\/product\/828","targetHints":{"allow":["GET"]}}],"collection":[{"href":"https:\/\/roforge.fr\/en\/wp-json\/wp\/v2\/product"}],"about":[{"href":"https:\/\/roforge.fr\/en\/wp-json\/wp\/v2\/types\/product"}],"wp:featuredmedia":[{"embeddable":true,"href":"https:\/\/roforge.fr\/en\/wp-json\/wp\/v2\/media\/875"}],"wp:attachment":[{"href":"https:\/\/roforge.fr\/en\/wp-json\/wp\/v2\/media?parent=828"}],"wp:term":[{"taxonomy":"product_brand","embeddable":true,"href":"https:\/\/roforge.fr\/en\/wp-json\/wp\/v2\/product_brand?post=828"},{"taxonomy":"product_cat","embeddable":true,"href":"https:\/\/roforge.fr\/en\/wp-json\/wp\/v2\/product_cat?post=828"},{"taxonomy":"product_tag","embeddable":true,"href":"https:\/\/roforge.fr\/en\/wp-json\/wp\/v2\/product_tag?post=828"}],"curies":[{"name":"wp","href":"https:\/\/api.w.org\/{rel}","templated":true}]}}