{"id":2020,"date":"2021-10-22T10:28:43","date_gmt":"2021-10-22T08:28:43","guid":{"rendered":"https:\/\/roforge.fr\/?post_type=product&#038;p=2020"},"modified":"2021-10-25T09:13:28","modified_gmt":"2021-10-25T07:13:28","slug":"mavinox-piston-valve-copie-2","status":"publish","type":"product","link":"https:\/\/roforge.fr\/en\/produit\/mavinox-piston-valve-copie-2\/","title":{"rendered":"MAVINOX Spray rinse valves"},"content":{"rendered":"<p class=\"p1\"><span class=\"s1\"><b>USER<\/b><\/span><\/p>\n<p class=\"p1\">&#8211; Tank Reactor Rinsing<\/p>\n<p class=\"p1\"><span class=\"s1\"><b>FIELD OF APPLICATION<\/b><\/span><\/p>\n<p class=\"p1\">&#8211; Chemical industry<\/p>\n<p class=\"p2\"><b>TYPICAL OPERATING CONDITIONS<\/b><\/p>\n<p class=\"p4\">-Corrosive fluids (1) (CF8, CF8M, CF3, CF3M type stainless steels and nickel alloys,)<\/p>\n<p class=\"p2\"><b>DESIGN STANDARDS<\/b><\/p>\n<p class=\"p3\">&#8211; Design : ASME B 16 34 \/ EN 12516 1<br \/>\n&#8211; Flanges : ASME B 16 5 \/ EN 1759 1 \/ EN 1092 1<br \/>\n&#8211; Testing : API 598 \/ EN 12266<\/p>\n<p class=\"p2\"><b>CERTIFICATIONS<\/b><\/p>\n<p>PED certification (categories I, II and III)<\/p>\n<p class=\"p1\">ATEX Ex II 2 GD T4 certification on demand<\/p>\n<p class=\"p5\"><sup>(1)<\/sup>\u00a0According to corrosion tables and process experience<\/p>\n","protected":false},"excerpt":{"rendered":"<p>SPRAY RINSE PISTON VALVE<\/p>\n","protected":false},"featured_media":2026,"template":"","meta":{"_acf_changed":false,"inline_featured_image":false},"product_brand":[],"product_cat":[50],"product_tag":[70,51],"class_list":{"0":"post-2020","1":"product","2":"type-product","3":"status-publish","4":"has-post-thumbnail","6":"product_cat-piston-valve-en","7":"product_tag-chemistry-en","8":"product_tag-mavinox-en","10":"first","11":"instock","12":"downloadable","13":"shipping-taxable","14":"product-type-simple"},"acf":[],"yoast_head":"<!-- This site is optimized with the Yoast SEO plugin v27.3 - https:\/\/yoast.com\/product\/yoast-seo-wordpress\/ -->\n<title>MAVINOX Spray rinse valves - Roforge, concepteur fabricant de solutions innovantes de robinetterie industrielle, forg\u00e9e et moul\u00e9e<\/title>\n<meta name=\"robots\" content=\"index, follow, max-snippet:-1, max-image-preview:large, max-video-preview:-1\" \/>\n<link rel=\"canonical\" href=\"https:\/\/roforge.fr\/en\/produit\/mavinox-piston-valve-copie-2\/\" \/>\n<meta property=\"og:locale\" content=\"en_US\" \/>\n<meta property=\"og:type\" content=\"article\" \/>\n<meta property=\"og:title\" content=\"MAVINOX Spray rinse valves - Roforge, concepteur fabricant de solutions innovantes de robinetterie industrielle, forg\u00e9e et moul\u00e9e\" \/>\n<meta property=\"og:description\" content=\"SPRAY RINSE PISTON VALVE\" \/>\n<meta property=\"og:url\" content=\"https:\/\/roforge.fr\/en\/produit\/mavinox-piston-valve-copie-2\/\" \/>\n<meta property=\"og:site_name\" content=\"Roforge, concepteur fabricant de solutions innovantes de robinetterie industrielle, forg\u00e9e et moul\u00e9e\" \/>\n<meta property=\"article:modified_time\" content=\"2021-10-25T07:13:28+00:00\" \/>\n<meta property=\"og:image\" content=\"https:\/\/roforge.fr\/wp-content\/uploads\/2021\/10\/VANNE-RINCAGE-e1634896789197.jpg\" \/>\n\t<meta property=\"og:image:width\" content=\"284\" \/>\n\t<meta property=\"og:image:height\" content=\"388\" \/>\n\t<meta property=\"og:image:type\" content=\"image\/jpeg\" \/>\n<meta name=\"twitter:card\" content=\"summary_large_image\" \/>\n<script type=\"application\/ld+json\" class=\"yoast-schema-graph\">{\"@context\":\"https:\\\/\\\/schema.org\",\"@graph\":[{\"@type\":\"WebPage\",\"@id\":\"https:\\\/\\\/roforge.fr\\\/en\\\/produit\\\/mavinox-piston-valve-copie-2\\\/\",\"url\":\"https:\\\/\\\/roforge.fr\\\/en\\\/produit\\\/mavinox-piston-valve-copie-2\\\/\",\"name\":\"MAVINOX Spray rinse valves - Roforge, concepteur fabricant de solutions innovantes de robinetterie industrielle, forg\u00e9e et moul\u00e9e\",\"isPartOf\":{\"@id\":\"https:\\\/\\\/roforge.fr\\\/#website\"},\"primaryImageOfPage\":{\"@id\":\"https:\\\/\\\/roforge.fr\\\/en\\\/produit\\\/mavinox-piston-valve-copie-2\\\/#primaryimage\"},\"image\":{\"@id\":\"https:\\\/\\\/roforge.fr\\\/en\\\/produit\\\/mavinox-piston-valve-copie-2\\\/#primaryimage\"},\"thumbnailUrl\":\"https:\\\/\\\/roforge.fr\\\/wp-content\\\/uploads\\\/2021\\\/10\\\/VANNE-RINCAGE-e1634896789197.jpg\",\"datePublished\":\"2021-10-22T08:28:43+00:00\",\"dateModified\":\"2021-10-25T07:13:28+00:00\",\"breadcrumb\":{\"@id\":\"https:\\\/\\\/roforge.fr\\\/en\\\/produit\\\/mavinox-piston-valve-copie-2\\\/#breadcrumb\"},\"inLanguage\":\"en-US\",\"potentialAction\":[{\"@type\":\"ReadAction\",\"target\":[\"https:\\\/\\\/roforge.fr\\\/en\\\/produit\\\/mavinox-piston-valve-copie-2\\\/\"]}]},{\"@type\":\"ImageObject\",\"inLanguage\":\"en-US\",\"@id\":\"https:\\\/\\\/roforge.fr\\\/en\\\/produit\\\/mavinox-piston-valve-copie-2\\\/#primaryimage\",\"url\":\"https:\\\/\\\/roforge.fr\\\/wp-content\\\/uploads\\\/2021\\\/10\\\/VANNE-RINCAGE-e1634896789197.jpg\",\"contentUrl\":\"https:\\\/\\\/roforge.fr\\\/wp-content\\\/uploads\\\/2021\\\/10\\\/VANNE-RINCAGE-e1634896789197.jpg\",\"width\":284,\"height\":388},{\"@type\":\"BreadcrumbList\",\"@id\":\"https:\\\/\\\/roforge.fr\\\/en\\\/produit\\\/mavinox-piston-valve-copie-2\\\/#breadcrumb\",\"itemListElement\":[{\"@type\":\"ListItem\",\"position\":1,\"name\":\"Accueil\",\"item\":\"https:\\\/\\\/roforge.fr\\\/en\\\/\"},{\"@type\":\"ListItem\",\"position\":2,\"name\":\"Produits\",\"item\":\"https:\\\/\\\/roforge.fr\\\/shop\\\/\"},{\"@type\":\"ListItem\",\"position\":3,\"name\":\"MAVINOX Spray rinse valves\"}]},{\"@type\":\"WebSite\",\"@id\":\"https:\\\/\\\/roforge.fr\\\/#website\",\"url\":\"https:\\\/\\\/roforge.fr\\\/\",\"name\":\"Roforge, concepteur fabricant de solutions innovantes de robinetterie industrielle, forg\u00e9e et moul\u00e9e\",\"description\":\"Solutions de robinetterie forg\u00e9e et moul\u00e9e\",\"publisher\":{\"@id\":\"https:\\\/\\\/roforge.fr\\\/#organization\"},\"potentialAction\":[{\"@type\":\"SearchAction\",\"target\":{\"@type\":\"EntryPoint\",\"urlTemplate\":\"https:\\\/\\\/roforge.fr\\\/?s={search_term_string}\"},\"query-input\":{\"@type\":\"PropertyValueSpecification\",\"valueRequired\":true,\"valueName\":\"search_term_string\"}}],\"inLanguage\":\"en-US\"},{\"@type\":\"Organization\",\"@id\":\"https:\\\/\\\/roforge.fr\\\/#organization\",\"name\":\"ROFORGE\",\"url\":\"https:\\\/\\\/roforge.fr\\\/\",\"logo\":{\"@type\":\"ImageObject\",\"inLanguage\":\"en-US\",\"@id\":\"https:\\\/\\\/roforge.fr\\\/#\\\/schema\\\/logo\\\/image\\\/\",\"url\":\"https:\\\/\\\/roforge.fr\\\/wp-content\\\/uploads\\\/2018\\\/01\\\/picto-roforge.png\",\"contentUrl\":\"https:\\\/\\\/roforge.fr\\\/wp-content\\\/uploads\\\/2018\\\/01\\\/picto-roforge.png\",\"width\":104,\"height\":31,\"caption\":\"ROFORGE\"},\"image\":{\"@id\":\"https:\\\/\\\/roforge.fr\\\/#\\\/schema\\\/logo\\\/image\\\/\"},\"sameAs\":[\"https:\\\/\\\/www.linkedin.com\\\/company\\\/69402884\\\/\"]}]}<\/script>\n<!-- \/ Yoast SEO plugin. -->","yoast_head_json":{"title":"MAVINOX Spray rinse valves - Roforge, concepteur fabricant de solutions innovantes de robinetterie industrielle, forg\u00e9e et moul\u00e9e","robots":{"index":"index","follow":"follow","max-snippet":"max-snippet:-1","max-image-preview":"max-image-preview:large","max-video-preview":"max-video-preview:-1"},"canonical":"https:\/\/roforge.fr\/en\/produit\/mavinox-piston-valve-copie-2\/","og_locale":"en_US","og_type":"article","og_title":"MAVINOX Spray rinse valves - Roforge, concepteur fabricant de solutions innovantes de robinetterie industrielle, forg\u00e9e et moul\u00e9e","og_description":"SPRAY RINSE PISTON VALVE","og_url":"https:\/\/roforge.fr\/en\/produit\/mavinox-piston-valve-copie-2\/","og_site_name":"Roforge, concepteur fabricant de solutions innovantes de robinetterie industrielle, forg\u00e9e et moul\u00e9e","article_modified_time":"2021-10-25T07:13:28+00:00","og_image":[{"width":284,"height":388,"url":"https:\/\/roforge.fr\/wp-content\/uploads\/2021\/10\/VANNE-RINCAGE-e1634896789197.jpg","type":"image\/jpeg"}],"twitter_card":"summary_large_image","schema":{"@context":"https:\/\/schema.org","@graph":[{"@type":"WebPage","@id":"https:\/\/roforge.fr\/en\/produit\/mavinox-piston-valve-copie-2\/","url":"https:\/\/roforge.fr\/en\/produit\/mavinox-piston-valve-copie-2\/","name":"MAVINOX Spray rinse valves - Roforge, concepteur fabricant de solutions innovantes de robinetterie industrielle, forg\u00e9e et moul\u00e9e","isPartOf":{"@id":"https:\/\/roforge.fr\/#website"},"primaryImageOfPage":{"@id":"https:\/\/roforge.fr\/en\/produit\/mavinox-piston-valve-copie-2\/#primaryimage"},"image":{"@id":"https:\/\/roforge.fr\/en\/produit\/mavinox-piston-valve-copie-2\/#primaryimage"},"thumbnailUrl":"https:\/\/roforge.fr\/wp-content\/uploads\/2021\/10\/VANNE-RINCAGE-e1634896789197.jpg","datePublished":"2021-10-22T08:28:43+00:00","dateModified":"2021-10-25T07:13:28+00:00","breadcrumb":{"@id":"https:\/\/roforge.fr\/en\/produit\/mavinox-piston-valve-copie-2\/#breadcrumb"},"inLanguage":"en-US","potentialAction":[{"@type":"ReadAction","target":["https:\/\/roforge.fr\/en\/produit\/mavinox-piston-valve-copie-2\/"]}]},{"@type":"ImageObject","inLanguage":"en-US","@id":"https:\/\/roforge.fr\/en\/produit\/mavinox-piston-valve-copie-2\/#primaryimage","url":"https:\/\/roforge.fr\/wp-content\/uploads\/2021\/10\/VANNE-RINCAGE-e1634896789197.jpg","contentUrl":"https:\/\/roforge.fr\/wp-content\/uploads\/2021\/10\/VANNE-RINCAGE-e1634896789197.jpg","width":284,"height":388},{"@type":"BreadcrumbList","@id":"https:\/\/roforge.fr\/en\/produit\/mavinox-piston-valve-copie-2\/#breadcrumb","itemListElement":[{"@type":"ListItem","position":1,"name":"Accueil","item":"https:\/\/roforge.fr\/en\/"},{"@type":"ListItem","position":2,"name":"Produits","item":"https:\/\/roforge.fr\/shop\/"},{"@type":"ListItem","position":3,"name":"MAVINOX Spray rinse valves"}]},{"@type":"WebSite","@id":"https:\/\/roforge.fr\/#website","url":"https:\/\/roforge.fr\/","name":"Roforge, concepteur fabricant de solutions innovantes de robinetterie industrielle, forg\u00e9e et moul\u00e9e","description":"Solutions de robinetterie forg\u00e9e et moul\u00e9e","publisher":{"@id":"https:\/\/roforge.fr\/#organization"},"potentialAction":[{"@type":"SearchAction","target":{"@type":"EntryPoint","urlTemplate":"https:\/\/roforge.fr\/?s={search_term_string}"},"query-input":{"@type":"PropertyValueSpecification","valueRequired":true,"valueName":"search_term_string"}}],"inLanguage":"en-US"},{"@type":"Organization","@id":"https:\/\/roforge.fr\/#organization","name":"ROFORGE","url":"https:\/\/roforge.fr\/","logo":{"@type":"ImageObject","inLanguage":"en-US","@id":"https:\/\/roforge.fr\/#\/schema\/logo\/image\/","url":"https:\/\/roforge.fr\/wp-content\/uploads\/2018\/01\/picto-roforge.png","contentUrl":"https:\/\/roforge.fr\/wp-content\/uploads\/2018\/01\/picto-roforge.png","width":104,"height":31,"caption":"ROFORGE"},"image":{"@id":"https:\/\/roforge.fr\/#\/schema\/logo\/image\/"},"sameAs":["https:\/\/www.linkedin.com\/company\/69402884\/"]}]}},"_links":{"self":[{"href":"https:\/\/roforge.fr\/en\/wp-json\/wp\/v2\/product\/2020","targetHints":{"allow":["GET"]}}],"collection":[{"href":"https:\/\/roforge.fr\/en\/wp-json\/wp\/v2\/product"}],"about":[{"href":"https:\/\/roforge.fr\/en\/wp-json\/wp\/v2\/types\/product"}],"wp:featuredmedia":[{"embeddable":true,"href":"https:\/\/roforge.fr\/en\/wp-json\/wp\/v2\/media\/2026"}],"wp:attachment":[{"href":"https:\/\/roforge.fr\/en\/wp-json\/wp\/v2\/media?parent=2020"}],"wp:term":[{"taxonomy":"product_brand","embeddable":true,"href":"https:\/\/roforge.fr\/en\/wp-json\/wp\/v2\/product_brand?post=2020"},{"taxonomy":"product_cat","embeddable":true,"href":"https:\/\/roforge.fr\/en\/wp-json\/wp\/v2\/product_cat?post=2020"},{"taxonomy":"product_tag","embeddable":true,"href":"https:\/\/roforge.fr\/en\/wp-json\/wp\/v2\/product_tag?post=2020"}],"curies":[{"name":"wp","href":"https:\/\/api.w.org\/{rel}","templated":true}]}}