{"id":847,"date":"2017-10-17T15:38:17","date_gmt":"2017-10-17T13:38:17","guid":{"rendered":"http:\/\/roforge.fr\/technical-publications\/"},"modified":"2024-04-12T17:25:30","modified_gmt":"2024-04-12T15:25:30","slug":"technical-publications","status":"publish","type":"page","link":"https:\/\/roforge.fr\/en\/technical-publications\/","title":{"rendered":"Technical publications"},"content":{"rendered":"<div class=\"wpb-content-wrapper\"><p>[vc_row css_animation=&#8221;&#8221; row_type=&#8221;row&#8221; use_row_as_full_screen_section=&#8221;no&#8221; type=&#8221;full_width&#8221; angled_section=&#8221;no&#8221; text_align=&#8221;left&#8221; background_image_as_pattern=&#8221;without_pattern&#8221; el_class=&#8221;nomarge&#8221;][vc_column][qode_elements_holder background_color=&#8221;#fc0d1b&#8221; number_of_columns=&#8221;two_columns&#8221;][qode_elements_holder_item advanced_animations=&#8221;no&#8221;][vc_single_image image=&#8221;361&#8243; img_size=&#8221;full&#8221; qode_css_animation=&#8221;&#8221;][\/qode_elements_holder_item][qode_elements_holder_item vertical_alignment=&#8221;top&#8221; advanced_animations=&#8221;no&#8221;][vc_column_text el_class=&#8221;surtitre&#8221;]Technical publications[\/vc_column_text][vc_column_text]<\/p>\n<h1><span class=\"black\">Technical<\/span><br \/>\nInformation<\/h1>\n<p>[\/vc_column_text][\/qode_elements_holder_item][\/qode_elements_holder][\/vc_column][\/vc_row][vc_row css_animation=&#8221;&#8221; row_type=&#8221;row&#8221; use_row_as_full_screen_section=&#8221;no&#8221; type=&#8221;grid&#8221; angled_section=&#8221;no&#8221; text_align=&#8221;left&#8221; background_image_as_pattern=&#8221;without_pattern&#8221; el_class=&#8221;marge-sup&#8221;][vc_column][vc_column_text]<\/p>\n<h2><span class=\"lighter\">TECHNICAL<\/span><br \/>\nPUBLICATIONS<\/h2>\n<p>ROFORGE publishes technical information on its valves: technical sheets, data, schematics and instructions to help customers in assembling and commissioning its products.<br \/>\nA \u201clibrary\u201d, computed by its design department, is available.[\/vc_column_text][\/vc_column][\/vc_row][vc_row css_animation=&#8221;&#8221; row_type=&#8221;row&#8221; use_row_as_full_screen_section=&#8221;no&#8221; type=&#8221;grid&#8221; angled_section=&#8221;no&#8221; text_align=&#8221;left&#8221; background_image_as_pattern=&#8221;without_pattern&#8221;][vc_column][vc_column_text]<\/p>\n<h3>General publications<\/h3>\n<p>[\/vc_column_text][vc_separator type=&#8221;normal&#8221;][\/vc_column][\/vc_row][vc_row css_animation=&#8221;&#8221; row_type=&#8221;row&#8221; use_row_as_full_screen_section=&#8221;no&#8221; type=&#8221;grid&#8221; angled_section=&#8221;no&#8221; text_align=&#8221;left&#8221; background_image_as_pattern=&#8221;without_pattern&#8221; el_class=&#8221;picto-upload&#8221; z_index=&#8221;&#8221;][vc_column width=&#8221;1\/3&#8243; el_class=&#8221;bg_gris&#8221;][vc_column_text]<\/p>\n<h4 style=\"text-align: center;\"><strong>Business professional general conditions<\/strong><\/h4>\n<p>[\/vc_column_text][vc_single_image image=&#8221;213&#8243; img_size=&#8221;full&#8221; alignment=&#8221;center&#8221; onclick=&#8221;custom_link&#8221; qode_css_animation=&#8221;&#8221; link=&#8221;http:\/\/roforge.fr\/wp-content\/uploads\/2020\/09\/CGPA-ROFORGE-2020-GB.pdf&#8221;][\/vc_column][vc_column width=&#8221;1\/3&#8243; el_class=&#8221;bg_gris&#8221;][vc_column_text]<\/p>\n<h4 style=\"text-align: center;\">safety instructions for the attention of truck drivers<\/h4>\n<p>[\/vc_column_text][vc_single_image image=&#8221;213&#8243; img_size=&#8221;full&#8221; alignment=&#8221;center&#8221; onclick=&#8221;custom_link&#8221; qode_css_animation=&#8221;&#8221; link=&#8221;http:\/\/roforge.fr\/wp-content\/uploads\/2019\/12\/Safety-instructions-for-the-attention-of-truck-drivers-rev-2019-vGB.pdf&#8221;][\/vc_column][vc_column width=&#8221;1\/3&#8243; el_class=&#8221;bg_gris&#8221;][vc_column_text]<\/p>\n<h4 style=\"text-align: center;\">Confidentiality policy<\/h4>\n<p>[\/vc_column_text][vc_single_image image=&#8221;213&#8243; img_size=&#8221;full&#8221; alignment=&#8221;center&#8221; onclick=&#8221;custom_link&#8221; qode_css_animation=&#8221;&#8221; link=&#8221;http:\/\/roforge.fr\/wp-content\/uploads\/2018\/06\/POLITIQUE-DE-CONFIDENTIALITE-CLIENTS-FOURNISSEURS-PROSPECTS-En-1.pdf&#8221;][\/vc_column][\/vc_row][vc_row css_animation=&#8221;&#8221; row_type=&#8221;row&#8221; use_row_as_full_screen_section=&#8221;no&#8221; type=&#8221;grid&#8221; angled_section=&#8221;no&#8221; text_align=&#8221;left&#8221; background_image_as_pattern=&#8221;without_pattern&#8221; el_class=&#8221;picto-upload&#8221; z_index=&#8221;&#8221;][vc_column width=&#8221;1\/3&#8243; el_class=&#8221;bg_gris&#8221;][vc_column_text]<\/p>\n<h4 style=\"text-align: center;\">downloading<br \/>\nproduct data sheets<\/h4>\n<p>[\/vc_column_text][vc_single_image image=&#8221;213&#8243; img_size=&#8221;full&#8221; alignment=&#8221;center&#8221; onclick=&#8221;custom_link&#8221; qode_css_animation=&#8221;&#8221; link=&#8221;#&#8221;][\/vc_column][vc_column width=&#8221;1\/3&#8243; el_class=&#8221;bg_gris&#8221;][vc_column_text]<\/p>\n<h4 style=\"text-align: center;\">downloading<br \/>\nproduct data sheets<\/h4>\n<p>[\/vc_column_text][vc_single_image image=&#8221;213&#8243; img_size=&#8221;full&#8221; alignment=&#8221;center&#8221; onclick=&#8221;custom_link&#8221; qode_css_animation=&#8221;&#8221; link=&#8221;#&#8221;][\/vc_column][vc_column width=&#8221;1\/3&#8243; el_class=&#8221;bg_gris&#8221;][vc_column_text]<\/p>\n<h4 style=\"text-align: center;\">downloading<br \/>\nproduct data sheets<\/h4>\n<p>[\/vc_column_text][vc_single_image image=&#8221;213&#8243; img_size=&#8221;full&#8221; alignment=&#8221;center&#8221; onclick=&#8221;custom_link&#8221; qode_css_animation=&#8221;&#8221; link=&#8221;#&#8221;][\/vc_column][\/vc_row][vc_row css_animation=&#8221;&#8221; row_type=&#8221;row&#8221; use_row_as_full_screen_section=&#8221;no&#8221; type=&#8221;grid&#8221; angled_section=&#8221;no&#8221; text_align=&#8221;left&#8221; background_image_as_pattern=&#8221;without_pattern&#8221;][vc_column][vc_column_text]<\/p>\n<h3>Technical publications<\/h3>\n<p>[\/vc_column_text][vc_separator type=&#8221;normal&#8221;][\/vc_column][\/vc_row][vc_row css_animation=&#8221;&#8221; row_type=&#8221;row&#8221; use_row_as_full_screen_section=&#8221;no&#8221; type=&#8221;grid&#8221; angled_section=&#8221;no&#8221; text_align=&#8221;left&#8221; background_image_as_pattern=&#8221;without_pattern&#8221; el_class=&#8221;picto-upload&#8221; z_index=&#8221;&#8221;][vc_column width=&#8221;1\/3&#8243; el_class=&#8221;bg_gris&#8221;][vc_column_text]<\/p>\n<h4 style=\"text-align: center;\">Temp\u00e9ratures maximales d&#8217;utilisation des mat\u00e9riaux<\/h4>\n<p>[\/vc_column_text][vc_single_image image=&#8221;213&#8243; img_size=&#8221;full&#8221; alignment=&#8221;center&#8221; onclick=&#8221;custom_link&#8221; qode_css_animation=&#8221;&#8221; link=&#8221;http:\/\/roforge.fr\/wp-content\/uploads\/2017\/11\/Temp\u00e9ratures-maximales-des-mat\u00e9riaux.pdf&#8221;][\/vc_column][vc_column width=&#8221;1\/3&#8243; el_class=&#8221;bg_gris&#8221;][vc_column_text]<\/p>\n<h4 style=\"text-align: center;\">downloading<br \/>\nproduct data sheets<\/h4>\n<p>[\/vc_column_text][vc_single_image image=&#8221;213&#8243; img_size=&#8221;full&#8221; alignment=&#8221;center&#8221; onclick=&#8221;custom_link&#8221; qode_css_animation=&#8221;&#8221; link=&#8221;#&#8221;][\/vc_column][vc_column width=&#8221;1\/3&#8243; el_class=&#8221;bg_gris&#8221;][vc_column_text]<\/p>\n<h4 style=\"text-align: center;\">downloading<br \/>\nproduct data sheets<\/h4>\n<p>[\/vc_column_text][vc_single_image image=&#8221;213&#8243; img_size=&#8221;full&#8221; alignment=&#8221;center&#8221; onclick=&#8221;custom_link&#8221; qode_css_animation=&#8221;&#8221; link=&#8221;#&#8221;][\/vc_column][\/vc_row][vc_row css_animation=&#8221;&#8221; row_type=&#8221;row&#8221; use_row_as_full_screen_section=&#8221;no&#8221; type=&#8221;grid&#8221; angled_section=&#8221;no&#8221; text_align=&#8221;left&#8221; background_image_as_pattern=&#8221;without_pattern&#8221;][vc_column][vc_column_text]<\/p>\n<h3>Qualifications and certifications<\/h3>\n<p>[\/vc_column_text][vc_separator type=&#8221;normal&#8221;][\/vc_column][\/vc_row][vc_row css_animation=&#8221;&#8221; row_type=&#8221;row&#8221; use_row_as_full_screen_section=&#8221;no&#8221; type=&#8221;grid&#8221; angled_section=&#8221;no&#8221; text_align=&#8221;left&#8221; background_image_as_pattern=&#8221;without_pattern&#8221; el_class=&#8221;picto-upload&#8221; z_index=&#8221;&#8221;][vc_column width=&#8221;1\/3&#8243; el_class=&#8221;bg_gris&#8221;][vc_column_text]<\/p>\n<h4 style=\"text-align: center;\">ISO9001 Certificat<\/h4>\n<p>[\/vc_column_text][vc_single_image image=&#8221;213&#8243; img_size=&#8221;full&#8221; alignment=&#8221;center&#8221; onclick=&#8221;custom_link&#8221; qode_css_animation=&#8221;&#8221; link=&#8221;https:\/\/roforge.fr\/wp-content\/uploads\/2023\/02\/Roforge-iso9001-2026.pdf&#8221;][\/vc_column][vc_column width=&#8221;1\/3&#8243; el_class=&#8221;bg_gris&#8221;][vc_column_text]<\/p>\n<h4 style=\"text-align: center;\">CE 2014\/68\/EU Certificat<\/h4>\n<p>[\/vc_column_text][vc_single_image image=&#8221;213&#8243; img_size=&#8221;full&#8221; alignment=&#8221;center&#8221; onclick=&#8221;custom_link&#8221; qode_css_animation=&#8221;&#8221; link=&#8221;https:\/\/roforge.fr\/wp-content\/uploads\/2023\/02\/Roforge-ce-an-2023.pdf&#8221;][\/vc_column][vc_column width=&#8221;1\/3&#8243; el_class=&#8221;bg_gris&#8221;][vc_column_text]<\/p>\n<h4 style=\"text-align: center;\">downloading<br \/>\nproduct data sheets<\/h4>\n<p>[\/vc_column_text][vc_single_image image=&#8221;213&#8243; img_size=&#8221;full&#8221; alignment=&#8221;center&#8221; onclick=&#8221;custom_link&#8221; qode_css_animation=&#8221;&#8221; link=&#8221;#&#8221;][\/vc_column][\/vc_row]<\/p>\n<\/div>","protected":false},"excerpt":{"rendered":"<p>[vc_row css_animation=&#8221;&#8221; row_type=&#8221;row&#8221; use_row_as_full_screen_section=&#8221;no&#8221; type=&#8221;full_width&#8221; angled_section=&#8221;no&#8221; text_align=&#8221;left&#8221; background_image_as_pattern=&#8221;without_pattern&#8221; el_class=&#8221;nomarge&#8221;][vc_column][qode_elements_holder background_color=&#8221;#fc0d1b&#8221; number_of_columns=&#8221;two_columns&#8221;][qode_elements_holder_item advanced_animations=&#8221;no&#8221;][vc_single_image image=&#8221;361&#8243; img_size=&#8221;full&#8221; qode_css_animation=&#8221;&#8221;][\/qode_elements_holder_item][qode_elements_holder_item vertical_alignment=&#8221;top&#8221; advanced_animations=&#8221;no&#8221;][vc_column_text el_class=&#8221;surtitre&#8221;]Technical publications[\/vc_column_text][vc_column_text] Technical Information [\/vc_column_text][\/qode_elements_holder_item][\/qode_elements_holder][\/vc_column][\/vc_row][vc_row css_animation=&#8221;&#8221; row_type=&#8221;row&#8221; use_row_as_full_screen_section=&#8221;no&#8221; type=&#8221;grid&#8221; angled_section=&#8221;no&#8221; text_align=&#8221;left&#8221; background_image_as_pattern=&#8221;without_pattern&#8221; el_class=&#8221;marge-sup&#8221;][vc_column][vc_column_text] TECHNICAL PUBLICATIONS ROFORGE publishes technical information on its valves: technical sheets, data, schematics and instructions&#8230;<\/p>\n","protected":false},"author":8,"featured_media":0,"parent":0,"menu_order":0,"comment_status":"closed","ping_status":"closed","template":"full_width.php","meta":{"_acf_changed":false,"inline_featured_image":false,"footnotes":""},"class_list":["post-847","page","type-page","status-publish","hentry"],"acf":[],"yoast_head":"<!-- This site is optimized with the Yoast SEO plugin v27.3 - https:\/\/yoast.com\/product\/yoast-seo-wordpress\/ -->\n<title>Technical publications - Roforge, concepteur fabricant de solutions innovantes de robinetterie industrielle, forg\u00e9e et moul\u00e9e<\/title>\n<meta name=\"robots\" content=\"index, follow, max-snippet:-1, max-image-preview:large, max-video-preview:-1\" \/>\n<link rel=\"canonical\" href=\"https:\/\/roforge.fr\/en\/technical-publications\/\" \/>\n<meta property=\"og:locale\" content=\"en_US\" \/>\n<meta property=\"og:type\" content=\"article\" \/>\n<meta property=\"og:title\" content=\"Technical publications - Roforge, concepteur fabricant de solutions innovantes de robinetterie industrielle, forg\u00e9e et moul\u00e9e\" \/>\n<meta property=\"og:description\" content=\"[vc_row css_animation=&#8221;&#8221; row_type=&#8221;row&#8221; use_row_as_full_screen_section=&#8221;no&#8221; type=&#8221;full_width&#8221; angled_section=&#8221;no&#8221; text_align=&#8221;left&#8221; background_image_as_pattern=&#8221;without_pattern&#8221; el_class=&#8221;nomarge&#8221;][vc_column][qode_elements_holder background_color=&#8221;#fc0d1b&#8221; number_of_columns=&#8221;two_columns&#8221;][qode_elements_holder_item advanced_animations=&#8221;no&#8221;][vc_single_image image=&#8221;361&#8243; img_size=&#8221;full&#8221; qode_css_animation=&#8221;&#8221;][\/qode_elements_holder_item][qode_elements_holder_item vertical_alignment=&#8221;top&#8221; advanced_animations=&#8221;no&#8221;][vc_column_text el_class=&#8221;surtitre&#8221;]Technical publications[\/vc_column_text][vc_column_text] Technical Information [\/vc_column_text][\/qode_elements_holder_item][\/qode_elements_holder][\/vc_column][\/vc_row][vc_row css_animation=&#8221;&#8221; row_type=&#8221;row&#8221; use_row_as_full_screen_section=&#8221;no&#8221; type=&#8221;grid&#8221; angled_section=&#8221;no&#8221; text_align=&#8221;left&#8221; background_image_as_pattern=&#8221;without_pattern&#8221; el_class=&#8221;marge-sup&#8221;][vc_column][vc_column_text] TECHNICAL PUBLICATIONS ROFORGE publishes technical information on its valves: technical sheets, data, schematics and instructions...\" \/>\n<meta property=\"og:url\" content=\"https:\/\/roforge.fr\/en\/technical-publications\/\" \/>\n<meta property=\"og:site_name\" content=\"Roforge, concepteur fabricant de solutions innovantes de robinetterie industrielle, forg\u00e9e et moul\u00e9e\" \/>\n<meta property=\"article:modified_time\" content=\"2024-04-12T15:25:30+00:00\" \/>\n<meta name=\"twitter:card\" content=\"summary_large_image\" \/>\n<meta name=\"twitter:label1\" content=\"Est. reading time\" \/>\n\t<meta name=\"twitter:data1\" content=\"5 minutes\" \/>\n<script type=\"application\/ld+json\" class=\"yoast-schema-graph\">{\"@context\":\"https:\\\/\\\/schema.org\",\"@graph\":[{\"@type\":\"WebPage\",\"@id\":\"https:\\\/\\\/roforge.fr\\\/en\\\/technical-publications\\\/\",\"url\":\"https:\\\/\\\/roforge.fr\\\/en\\\/technical-publications\\\/\",\"name\":\"Technical publications - Roforge, concepteur fabricant de solutions innovantes de robinetterie industrielle, forg\u00e9e et moul\u00e9e\",\"isPartOf\":{\"@id\":\"https:\\\/\\\/roforge.fr\\\/#website\"},\"datePublished\":\"2017-10-17T13:38:17+00:00\",\"dateModified\":\"2024-04-12T15:25:30+00:00\",\"breadcrumb\":{\"@id\":\"https:\\\/\\\/roforge.fr\\\/en\\\/technical-publications\\\/#breadcrumb\"},\"inLanguage\":\"en-US\",\"potentialAction\":[{\"@type\":\"ReadAction\",\"target\":[\"https:\\\/\\\/roforge.fr\\\/en\\\/technical-publications\\\/\"]}]},{\"@type\":\"BreadcrumbList\",\"@id\":\"https:\\\/\\\/roforge.fr\\\/en\\\/technical-publications\\\/#breadcrumb\",\"itemListElement\":[{\"@type\":\"ListItem\",\"position\":1,\"name\":\"Accueil\",\"item\":\"https:\\\/\\\/roforge.fr\\\/en\\\/\"},{\"@type\":\"ListItem\",\"position\":2,\"name\":\"Technical publications\"}]},{\"@type\":\"WebSite\",\"@id\":\"https:\\\/\\\/roforge.fr\\\/#website\",\"url\":\"https:\\\/\\\/roforge.fr\\\/\",\"name\":\"Roforge, concepteur fabricant de solutions innovantes de robinetterie industrielle, forg\u00e9e et moul\u00e9e\",\"description\":\"Solutions de robinetterie forg\u00e9e et moul\u00e9e\",\"publisher\":{\"@id\":\"https:\\\/\\\/roforge.fr\\\/#organization\"},\"potentialAction\":[{\"@type\":\"SearchAction\",\"target\":{\"@type\":\"EntryPoint\",\"urlTemplate\":\"https:\\\/\\\/roforge.fr\\\/?s={search_term_string}\"},\"query-input\":{\"@type\":\"PropertyValueSpecification\",\"valueRequired\":true,\"valueName\":\"search_term_string\"}}],\"inLanguage\":\"en-US\"},{\"@type\":\"Organization\",\"@id\":\"https:\\\/\\\/roforge.fr\\\/#organization\",\"name\":\"ROFORGE\",\"url\":\"https:\\\/\\\/roforge.fr\\\/\",\"logo\":{\"@type\":\"ImageObject\",\"inLanguage\":\"en-US\",\"@id\":\"https:\\\/\\\/roforge.fr\\\/#\\\/schema\\\/logo\\\/image\\\/\",\"url\":\"https:\\\/\\\/roforge.fr\\\/wp-content\\\/uploads\\\/2018\\\/01\\\/picto-roforge.png\",\"contentUrl\":\"https:\\\/\\\/roforge.fr\\\/wp-content\\\/uploads\\\/2018\\\/01\\\/picto-roforge.png\",\"width\":104,\"height\":31,\"caption\":\"ROFORGE\"},\"image\":{\"@id\":\"https:\\\/\\\/roforge.fr\\\/#\\\/schema\\\/logo\\\/image\\\/\"},\"sameAs\":[\"https:\\\/\\\/www.linkedin.com\\\/company\\\/69402884\\\/\"]}]}<\/script>\n<!-- \/ Yoast SEO plugin. -->","yoast_head_json":{"title":"Technical publications - Roforge, concepteur fabricant de solutions innovantes de robinetterie industrielle, forg\u00e9e et moul\u00e9e","robots":{"index":"index","follow":"follow","max-snippet":"max-snippet:-1","max-image-preview":"max-image-preview:large","max-video-preview":"max-video-preview:-1"},"canonical":"https:\/\/roforge.fr\/en\/technical-publications\/","og_locale":"en_US","og_type":"article","og_title":"Technical publications - Roforge, concepteur fabricant de solutions innovantes de robinetterie industrielle, forg\u00e9e et moul\u00e9e","og_description":"[vc_row css_animation=&#8221;&#8221; row_type=&#8221;row&#8221; use_row_as_full_screen_section=&#8221;no&#8221; type=&#8221;full_width&#8221; angled_section=&#8221;no&#8221; text_align=&#8221;left&#8221; background_image_as_pattern=&#8221;without_pattern&#8221; el_class=&#8221;nomarge&#8221;][vc_column][qode_elements_holder background_color=&#8221;#fc0d1b&#8221; number_of_columns=&#8221;two_columns&#8221;][qode_elements_holder_item advanced_animations=&#8221;no&#8221;][vc_single_image image=&#8221;361&#8243; img_size=&#8221;full&#8221; qode_css_animation=&#8221;&#8221;][\/qode_elements_holder_item][qode_elements_holder_item vertical_alignment=&#8221;top&#8221; advanced_animations=&#8221;no&#8221;][vc_column_text el_class=&#8221;surtitre&#8221;]Technical publications[\/vc_column_text][vc_column_text] Technical Information [\/vc_column_text][\/qode_elements_holder_item][\/qode_elements_holder][\/vc_column][\/vc_row][vc_row css_animation=&#8221;&#8221; row_type=&#8221;row&#8221; use_row_as_full_screen_section=&#8221;no&#8221; type=&#8221;grid&#8221; angled_section=&#8221;no&#8221; text_align=&#8221;left&#8221; background_image_as_pattern=&#8221;without_pattern&#8221; el_class=&#8221;marge-sup&#8221;][vc_column][vc_column_text] TECHNICAL PUBLICATIONS ROFORGE publishes technical information on its valves: technical sheets, data, schematics and instructions...","og_url":"https:\/\/roforge.fr\/en\/technical-publications\/","og_site_name":"Roforge, concepteur fabricant de solutions innovantes de robinetterie industrielle, forg\u00e9e et moul\u00e9e","article_modified_time":"2024-04-12T15:25:30+00:00","twitter_card":"summary_large_image","twitter_misc":{"Est. reading time":"5 minutes"},"schema":{"@context":"https:\/\/schema.org","@graph":[{"@type":"WebPage","@id":"https:\/\/roforge.fr\/en\/technical-publications\/","url":"https:\/\/roforge.fr\/en\/technical-publications\/","name":"Technical publications - Roforge, concepteur fabricant de solutions innovantes de robinetterie industrielle, forg\u00e9e et moul\u00e9e","isPartOf":{"@id":"https:\/\/roforge.fr\/#website"},"datePublished":"2017-10-17T13:38:17+00:00","dateModified":"2024-04-12T15:25:30+00:00","breadcrumb":{"@id":"https:\/\/roforge.fr\/en\/technical-publications\/#breadcrumb"},"inLanguage":"en-US","potentialAction":[{"@type":"ReadAction","target":["https:\/\/roforge.fr\/en\/technical-publications\/"]}]},{"@type":"BreadcrumbList","@id":"https:\/\/roforge.fr\/en\/technical-publications\/#breadcrumb","itemListElement":[{"@type":"ListItem","position":1,"name":"Accueil","item":"https:\/\/roforge.fr\/en\/"},{"@type":"ListItem","position":2,"name":"Technical publications"}]},{"@type":"WebSite","@id":"https:\/\/roforge.fr\/#website","url":"https:\/\/roforge.fr\/","name":"Roforge, concepteur fabricant de solutions innovantes de robinetterie industrielle, forg\u00e9e et moul\u00e9e","description":"Solutions de robinetterie forg\u00e9e et moul\u00e9e","publisher":{"@id":"https:\/\/roforge.fr\/#organization"},"potentialAction":[{"@type":"SearchAction","target":{"@type":"EntryPoint","urlTemplate":"https:\/\/roforge.fr\/?s={search_term_string}"},"query-input":{"@type":"PropertyValueSpecification","valueRequired":true,"valueName":"search_term_string"}}],"inLanguage":"en-US"},{"@type":"Organization","@id":"https:\/\/roforge.fr\/#organization","name":"ROFORGE","url":"https:\/\/roforge.fr\/","logo":{"@type":"ImageObject","inLanguage":"en-US","@id":"https:\/\/roforge.fr\/#\/schema\/logo\/image\/","url":"https:\/\/roforge.fr\/wp-content\/uploads\/2018\/01\/picto-roforge.png","contentUrl":"https:\/\/roforge.fr\/wp-content\/uploads\/2018\/01\/picto-roforge.png","width":104,"height":31,"caption":"ROFORGE"},"image":{"@id":"https:\/\/roforge.fr\/#\/schema\/logo\/image\/"},"sameAs":["https:\/\/www.linkedin.com\/company\/69402884\/"]}]}},"_links":{"self":[{"href":"https:\/\/roforge.fr\/en\/wp-json\/wp\/v2\/pages\/847","targetHints":{"allow":["GET"]}}],"collection":[{"href":"https:\/\/roforge.fr\/en\/wp-json\/wp\/v2\/pages"}],"about":[{"href":"https:\/\/roforge.fr\/en\/wp-json\/wp\/v2\/types\/page"}],"author":[{"embeddable":true,"href":"https:\/\/roforge.fr\/en\/wp-json\/wp\/v2\/users\/8"}],"replies":[{"embeddable":true,"href":"https:\/\/roforge.fr\/en\/wp-json\/wp\/v2\/comments?post=847"}],"version-history":[{"count":0,"href":"https:\/\/roforge.fr\/en\/wp-json\/wp\/v2\/pages\/847\/revisions"}],"wp:attachment":[{"href":"https:\/\/roforge.fr\/en\/wp-json\/wp\/v2\/media?parent=847"}],"curies":[{"name":"wp","href":"https:\/\/api.w.org\/{rel}","templated":true}]}}