{"id":756,"date":"2017-10-17T15:41:34","date_gmt":"2017-10-17T13:41:34","guid":{"rendered":"http:\/\/roforge.fr\/privacy-legacy\/"},"modified":"2017-12-26T13:06:57","modified_gmt":"2017-12-26T12:06:57","slug":"legal-notice","status":"publish","type":"page","link":"https:\/\/roforge.fr\/en\/legal-notice\/","title":{"rendered":"Legal Notice"},"content":{"rendered":"<h2>Owner<\/h2>\n<p>The website http:\/\/www.roforge.fr\/\u00a0is published by the Roforge company with a capital of 160,000 \u20ac, registration number in the Registre du Commerce et des Soci\u00e9t\u00e9s: 30355994200022, registered office:<\/p>\n<p><strong>1, All\u00e9e L\u00e9onard de Vinci\u00a0<\/strong><br \/>\n<strong>Parc d\u2019activit\u00e9s de Stelytec \u2013 B.P. 19\u00a0<\/strong><br \/>\n<strong>42401 Saint Chamond\u00a0<\/strong><\/p>\n<p><strong>FRANCE<\/strong><br \/>\nMail:\u00a0web@roforge.fr<\/p>\n<p>The Roforge company is subject to VAT with an individual VAT number in compliance with the French Tax legislation: FR 91 303 559 942<\/p>\n<p>&nbsp;<\/p>\n<h3>WEB MANAGER<\/h3>\n<p>The web manager in charge of the site http:\/\/www.roforge.fr\/\u00a0is M. Gr\u00e9gory Goutorbe.<\/p>\n<p><strong>\u00a0<\/strong><strong>\u00a0<\/strong><\/p>\n<h3>CR\u00c9DITS<\/h3>\n<p><a href=\"https:\/\/www.sarangie.fr\">Project management, Graphic design and Web development: Sarangie<\/a><\/p>\n<p>Photo: <a href=\"http:\/\/emmapellet.fr\">Emma Pellet<\/a>.<\/p>\n<p>Text: Gw\u00e9na\u00eblle Brument and Roforge.<\/p>\n<p>Translation: Lucie Lavergne.<\/p>\n<p>&nbsp;<\/p>\n<h3>HOSTING<\/h3>\n<p>XXXXXXXXXXX<\/p>\n<p>XXXXXXXXXXX<\/p>\n<p>XXXXXXXXXXX<\/p>\n<h3>Intellectual property<\/h3>\n<p>The general architecture of the site http:\/\/www.roforge.fr\/\u00a0as well as the texts, graphic elements, images, soundtracks and videos thereof, are the sole property of the Roforge company or its affiliates. Any representation and\/or copying and\/or use of all or part of this site, by any means, without prior consent in writing from the Roforge company or its affiliates is strictly forbidden and would be constitutive of counterfeiting as defined by articles L-335-2 et seq. of the French Intellectual Property Code.<\/p>\n<p>&nbsp;<\/p>\n<p>&nbsp;<\/p>\n<p><strong>COOKIES<\/strong><\/p>\n<p>For analitycs and display purposes, this site uses cookies. Cookies are small text files stored on your computer, mobile phone or tablet in order to record technical data on your navigation. Parts of this site cannot work when cookies are disabled.<\/p>\n","protected":false},"excerpt":{"rendered":"<p>Owner The website http:\/\/www.roforge.fr\/\u00a0is published by the Roforge company with a capital of 160,000 \u20ac, registration number in the Registre du Commerce et des Soci\u00e9t\u00e9s: 30355994200022, registered office: 1, All\u00e9e L\u00e9onard de Vinci\u00a0 Parc d\u2019activit\u00e9s de Stelytec \u2013 B.P. 19\u00a0 42401 Saint Chamond\u00a0 FRANCE Mail:\u00a0web@roforge.fr&#8230;<\/p>\n","protected":false},"author":8,"featured_media":0,"parent":0,"menu_order":0,"comment_status":"closed","ping_status":"closed","template":"","meta":{"_acf_changed":false,"inline_featured_image":false,"footnotes":""},"class_list":["post-756","page","type-page","status-publish","hentry"],"acf":[],"yoast_head":"<!-- This site is optimized with the Yoast SEO plugin v27.3 - https:\/\/yoast.com\/product\/yoast-seo-wordpress\/ -->\n<title>Legal Notice - Roforge, concepteur fabricant de solutions innovantes de robinetterie industrielle, forg\u00e9e et moul\u00e9e<\/title>\n<meta name=\"robots\" content=\"index, follow, max-snippet:-1, max-image-preview:large, max-video-preview:-1\" \/>\n<link rel=\"canonical\" href=\"https:\/\/roforge.fr\/en\/legal-notice\/\" \/>\n<meta property=\"og:locale\" content=\"en_US\" \/>\n<meta property=\"og:type\" content=\"article\" \/>\n<meta property=\"og:title\" content=\"Legal Notice - Roforge, concepteur fabricant de solutions innovantes de robinetterie industrielle, forg\u00e9e et moul\u00e9e\" \/>\n<meta property=\"og:description\" content=\"Owner The website http:\/\/www.roforge.fr\/\u00a0is published by the Roforge company with a capital of 160,000 \u20ac, registration number in the Registre du Commerce et des Soci\u00e9t\u00e9s: 30355994200022, registered office: 1, All\u00e9e L\u00e9onard de Vinci\u00a0 Parc d\u2019activit\u00e9s de Stelytec \u2013 B.P. 19\u00a0 42401 Saint Chamond\u00a0 FRANCE Mail:\u00a0web@roforge.fr...\" \/>\n<meta property=\"og:url\" content=\"https:\/\/roforge.fr\/en\/legal-notice\/\" \/>\n<meta property=\"og:site_name\" content=\"Roforge, concepteur fabricant de solutions innovantes de robinetterie industrielle, forg\u00e9e et moul\u00e9e\" \/>\n<meta property=\"article:modified_time\" content=\"2017-12-26T12:06:57+00:00\" \/>\n<meta name=\"twitter:card\" content=\"summary_large_image\" \/>\n<meta name=\"twitter:label1\" content=\"Est. reading time\" \/>\n\t<meta name=\"twitter:data1\" content=\"1 minute\" \/>\n<script type=\"application\/ld+json\" class=\"yoast-schema-graph\">{\"@context\":\"https:\\\/\\\/schema.org\",\"@graph\":[{\"@type\":\"WebPage\",\"@id\":\"https:\\\/\\\/roforge.fr\\\/en\\\/legal-notice\\\/\",\"url\":\"https:\\\/\\\/roforge.fr\\\/en\\\/legal-notice\\\/\",\"name\":\"Legal Notice - Roforge, concepteur fabricant de solutions innovantes de robinetterie industrielle, forg\u00e9e et moul\u00e9e\",\"isPartOf\":{\"@id\":\"https:\\\/\\\/roforge.fr\\\/#website\"},\"datePublished\":\"2017-10-17T13:41:34+00:00\",\"dateModified\":\"2017-12-26T12:06:57+00:00\",\"breadcrumb\":{\"@id\":\"https:\\\/\\\/roforge.fr\\\/en\\\/legal-notice\\\/#breadcrumb\"},\"inLanguage\":\"en-US\",\"potentialAction\":[{\"@type\":\"ReadAction\",\"target\":[\"https:\\\/\\\/roforge.fr\\\/en\\\/legal-notice\\\/\"]}]},{\"@type\":\"BreadcrumbList\",\"@id\":\"https:\\\/\\\/roforge.fr\\\/en\\\/legal-notice\\\/#breadcrumb\",\"itemListElement\":[{\"@type\":\"ListItem\",\"position\":1,\"name\":\"Accueil\",\"item\":\"https:\\\/\\\/roforge.fr\\\/en\\\/\"},{\"@type\":\"ListItem\",\"position\":2,\"name\":\"Legal Notice\"}]},{\"@type\":\"WebSite\",\"@id\":\"https:\\\/\\\/roforge.fr\\\/#website\",\"url\":\"https:\\\/\\\/roforge.fr\\\/\",\"name\":\"Roforge, concepteur fabricant de solutions innovantes de robinetterie industrielle, forg\u00e9e et moul\u00e9e\",\"description\":\"Solutions de robinetterie forg\u00e9e et moul\u00e9e\",\"publisher\":{\"@id\":\"https:\\\/\\\/roforge.fr\\\/#organization\"},\"potentialAction\":[{\"@type\":\"SearchAction\",\"target\":{\"@type\":\"EntryPoint\",\"urlTemplate\":\"https:\\\/\\\/roforge.fr\\\/?s={search_term_string}\"},\"query-input\":{\"@type\":\"PropertyValueSpecification\",\"valueRequired\":true,\"valueName\":\"search_term_string\"}}],\"inLanguage\":\"en-US\"},{\"@type\":\"Organization\",\"@id\":\"https:\\\/\\\/roforge.fr\\\/#organization\",\"name\":\"ROFORGE\",\"url\":\"https:\\\/\\\/roforge.fr\\\/\",\"logo\":{\"@type\":\"ImageObject\",\"inLanguage\":\"en-US\",\"@id\":\"https:\\\/\\\/roforge.fr\\\/#\\\/schema\\\/logo\\\/image\\\/\",\"url\":\"https:\\\/\\\/roforge.fr\\\/wp-content\\\/uploads\\\/2018\\\/01\\\/picto-roforge.png\",\"contentUrl\":\"https:\\\/\\\/roforge.fr\\\/wp-content\\\/uploads\\\/2018\\\/01\\\/picto-roforge.png\",\"width\":104,\"height\":31,\"caption\":\"ROFORGE\"},\"image\":{\"@id\":\"https:\\\/\\\/roforge.fr\\\/#\\\/schema\\\/logo\\\/image\\\/\"},\"sameAs\":[\"https:\\\/\\\/www.linkedin.com\\\/company\\\/69402884\\\/\"]}]}<\/script>\n<!-- \/ Yoast SEO plugin. -->","yoast_head_json":{"title":"Legal Notice - Roforge, concepteur fabricant de solutions innovantes de robinetterie industrielle, forg\u00e9e et moul\u00e9e","robots":{"index":"index","follow":"follow","max-snippet":"max-snippet:-1","max-image-preview":"max-image-preview:large","max-video-preview":"max-video-preview:-1"},"canonical":"https:\/\/roforge.fr\/en\/legal-notice\/","og_locale":"en_US","og_type":"article","og_title":"Legal Notice - Roforge, concepteur fabricant de solutions innovantes de robinetterie industrielle, forg\u00e9e et moul\u00e9e","og_description":"Owner The website http:\/\/www.roforge.fr\/\u00a0is published by the Roforge company with a capital of 160,000 \u20ac, registration number in the Registre du Commerce et des Soci\u00e9t\u00e9s: 30355994200022, registered office: 1, All\u00e9e L\u00e9onard de Vinci\u00a0 Parc d\u2019activit\u00e9s de Stelytec \u2013 B.P. 19\u00a0 42401 Saint Chamond\u00a0 FRANCE Mail:\u00a0web@roforge.fr...","og_url":"https:\/\/roforge.fr\/en\/legal-notice\/","og_site_name":"Roforge, concepteur fabricant de solutions innovantes de robinetterie industrielle, forg\u00e9e et moul\u00e9e","article_modified_time":"2017-12-26T12:06:57+00:00","twitter_card":"summary_large_image","twitter_misc":{"Est. reading time":"1 minute"},"schema":{"@context":"https:\/\/schema.org","@graph":[{"@type":"WebPage","@id":"https:\/\/roforge.fr\/en\/legal-notice\/","url":"https:\/\/roforge.fr\/en\/legal-notice\/","name":"Legal Notice - Roforge, concepteur fabricant de solutions innovantes de robinetterie industrielle, forg\u00e9e et moul\u00e9e","isPartOf":{"@id":"https:\/\/roforge.fr\/#website"},"datePublished":"2017-10-17T13:41:34+00:00","dateModified":"2017-12-26T12:06:57+00:00","breadcrumb":{"@id":"https:\/\/roforge.fr\/en\/legal-notice\/#breadcrumb"},"inLanguage":"en-US","potentialAction":[{"@type":"ReadAction","target":["https:\/\/roforge.fr\/en\/legal-notice\/"]}]},{"@type":"BreadcrumbList","@id":"https:\/\/roforge.fr\/en\/legal-notice\/#breadcrumb","itemListElement":[{"@type":"ListItem","position":1,"name":"Accueil","item":"https:\/\/roforge.fr\/en\/"},{"@type":"ListItem","position":2,"name":"Legal Notice"}]},{"@type":"WebSite","@id":"https:\/\/roforge.fr\/#website","url":"https:\/\/roforge.fr\/","name":"Roforge, concepteur fabricant de solutions innovantes de robinetterie industrielle, forg\u00e9e et moul\u00e9e","description":"Solutions de robinetterie forg\u00e9e et moul\u00e9e","publisher":{"@id":"https:\/\/roforge.fr\/#organization"},"potentialAction":[{"@type":"SearchAction","target":{"@type":"EntryPoint","urlTemplate":"https:\/\/roforge.fr\/?s={search_term_string}"},"query-input":{"@type":"PropertyValueSpecification","valueRequired":true,"valueName":"search_term_string"}}],"inLanguage":"en-US"},{"@type":"Organization","@id":"https:\/\/roforge.fr\/#organization","name":"ROFORGE","url":"https:\/\/roforge.fr\/","logo":{"@type":"ImageObject","inLanguage":"en-US","@id":"https:\/\/roforge.fr\/#\/schema\/logo\/image\/","url":"https:\/\/roforge.fr\/wp-content\/uploads\/2018\/01\/picto-roforge.png","contentUrl":"https:\/\/roforge.fr\/wp-content\/uploads\/2018\/01\/picto-roforge.png","width":104,"height":31,"caption":"ROFORGE"},"image":{"@id":"https:\/\/roforge.fr\/#\/schema\/logo\/image\/"},"sameAs":["https:\/\/www.linkedin.com\/company\/69402884\/"]}]}},"_links":{"self":[{"href":"https:\/\/roforge.fr\/en\/wp-json\/wp\/v2\/pages\/756","targetHints":{"allow":["GET"]}}],"collection":[{"href":"https:\/\/roforge.fr\/en\/wp-json\/wp\/v2\/pages"}],"about":[{"href":"https:\/\/roforge.fr\/en\/wp-json\/wp\/v2\/types\/page"}],"author":[{"embeddable":true,"href":"https:\/\/roforge.fr\/en\/wp-json\/wp\/v2\/users\/8"}],"replies":[{"embeddable":true,"href":"https:\/\/roforge.fr\/en\/wp-json\/wp\/v2\/comments?post=756"}],"version-history":[{"count":0,"href":"https:\/\/roforge.fr\/en\/wp-json\/wp\/v2\/pages\/756\/revisions"}],"wp:attachment":[{"href":"https:\/\/roforge.fr\/en\/wp-json\/wp\/v2\/media?parent=756"}],"curies":[{"name":"wp","href":"https:\/\/api.w.org\/{rel}","templated":true}]}}