{"id":441,"date":"2017-10-17T15:40:06","date_gmt":"2017-10-17T13:40:06","guid":{"rendered":"http:\/\/roforge.fr\/services\/"},"modified":"2018-02-21T10:36:44","modified_gmt":"2018-02-21T09:36:44","slug":"services","status":"publish","type":"page","link":"https:\/\/roforge.fr\/en\/services\/","title":{"rendered":"Services"},"content":{"rendered":"<div class=\"wpb-content-wrapper\"><p>[vc_row css_animation=&#8221;&#8221; row_type=&#8221;row&#8221; use_row_as_full_screen_section=&#8221;no&#8221; type=&#8221;full_width&#8221; angled_section=&#8221;no&#8221; text_align=&#8221;left&#8221; background_image_as_pattern=&#8221;without_pattern&#8221; el_class=&#8221;nomarge&#8221;][vc_column][qode_elements_holder background_color=&#8221;#fc0d1b&#8221; number_of_columns=&#8221;two_columns&#8221;][qode_elements_holder_item advanced_animations=&#8221;no&#8221;][vc_single_image image=&#8221;354&#8243; img_size=&#8221;full&#8221; qode_css_animation=&#8221;&#8221;][\/qode_elements_holder_item][qode_elements_holder_item vertical_alignment=&#8221;top&#8221; advanced_animations=&#8221;no&#8221;][vc_column_text el_class=&#8221;surtitre&#8221;]OUR SERVICES[\/vc_column_text][vc_column_text]<\/p>\n<h1>Reactive, <span class=\"black\">flexible<\/span> with great quality <span class=\"black\">services<\/span><\/h1>\n<p>[\/vc_column_text][\/qode_elements_holder_item][\/qode_elements_holder][\/vc_column][\/vc_row][vc_row css_animation=&#8221;&#8221; row_type=&#8221;row&#8221; use_row_as_full_screen_section=&#8221;no&#8221; type=&#8221;grid&#8221; angled_section=&#8221;no&#8221; text_align=&#8221;left&#8221; background_image_as_pattern=&#8221;without_pattern&#8221; el_class=&#8221;marge-sup&#8221;][vc_column][vc_column_text]<\/p>\n<h2><span class=\"lighter\">OUR<br \/>\n<\/span><strong>SERVICES<\/strong><\/h2>\n<p>The high satisfaction of ROFORGE customers all around the world comes from the skills and readiness of our teams.<br \/>\nROFORGE provides consulting, expertise, support, maintenance and training, all with strong readiness and adaptation capacities to meet the needs and requirements of our customers.[\/vc_column_text][\/vc_column][\/vc_row][vc_row css_animation=&#8221;&#8221; row_type=&#8221;row&#8221; use_row_as_full_screen_section=&#8221;no&#8221; type=&#8221;grid&#8221; angled_section=&#8221;no&#8221; text_align=&#8221;center&#8221; background_image_as_pattern=&#8221;without_pattern&#8221; z_index=&#8221;&#8221; el_class=&#8221;bt_svg&#8221;][vc_column width=&#8221;1\/4&#8243;][vc_single_image image=&#8221;397&#8243; img_size=&#8221;full&#8221; alignment=&#8221;center&#8221; qode_css_animation=&#8221;&#8221;]<a  itemprop=\"url\" href=\"#reactivite\" target=\"_self\"  class=\"qbutton  center default\" style=\"\">Readiness<\/a>[\/vc_column][vc_column width=&#8221;1\/4&#8243;][vc_single_image image=&#8221;391&#8243; img_size=&#8221;full&#8221; alignment=&#8221;center&#8221; qode_css_animation=&#8221;&#8221;]<a  itemprop=\"url\" href=\"#assistance\" target=\"_self\"  class=\"qbutton  center default\" style=\"\">Technical support<\/a>[\/vc_column][vc_column width=&#8221;1\/4&#8243;][vc_single_image image=&#8221;395&#8243; img_size=&#8221;full&#8221; alignment=&#8221;center&#8221; qode_css_animation=&#8221;&#8221;]<a  itemprop=\"url\" href=\"#maintenance\" target=\"_self\"  class=\"qbutton  center default\" style=\"\">Maintenance<\/a>[\/vc_column][vc_column width=&#8221;1\/4&#8243;][vc_single_image image=&#8221;393&#8243; img_size=&#8221;full&#8221; alignment=&#8221;center&#8221; qode_css_animation=&#8221;&#8221;]<a  itemprop=\"url\" href=\"#gme\" target=\"_self\"  class=\"qbutton  center default\" style=\"\">Temporary Consortium<\/a>[\/vc_column][\/vc_row][vc_row css_animation=&#8221;&#8221; row_type=&#8221;row&#8221; use_row_as_full_screen_section=&#8221;no&#8221; type=&#8221;grid&#8221; anchor=&#8221;reactivite&#8221; angled_section=&#8221;no&#8221; text_align=&#8221;left&#8221; background_image_as_pattern=&#8221;without_pattern&#8221; z_index=&#8221;&#8221; el_class=&#8221;marge-int&#8221;][vc_column][vc_column_text el_class=&#8221;titre-image&#8221;]<img decoding=\"async\" class=\"alignnone size-full wp-image-397 img-svg-titre\" src=\"http:\/\/roforge.fr\/wp-content\/uploads\/2017\/12\/roforge_picto_reactivite.svg\" alt=\"\" \/><\/p>\n<h3>Readiness<\/h3>\n<p>&nbsp;<br \/>\n[\/vc_column_text][vc_row_inner row_type=&#8221;row&#8221; type=&#8221;full_width&#8221; text_align=&#8221;left&#8221; css_animation=&#8221;&#8221;][vc_column_inner width=&#8221;1\/3&#8243;][vc_single_image image=&#8221;459&#8243; img_size=&#8221;full&#8221; qode_css_animation=&#8221;&#8221;][\/vc_column_inner][vc_column_inner width=&#8221;2\/3&#8243;][vc_column_text]<\/p>\n<p class=\"p1\"><b>ROFORGE has raw products, semi-finished or finished products inventory to <\/b><b>respond as fast as possible to any emergency.<\/b>\u00a0Its various buffer stores enable ROFORGE to respond to every customer need, thus eliminating the pressure of large industrial series from crude material suppliers.<\/p>\n<p class=\"p1\"><b>-Crude material stores<\/b><\/p>\n<p class=\"p1\">ROFORGE has in store both forged and cast, non machined parts. It is therefore highly responsive.<\/p>\n<p class=\"p1\"><b>&#8211; Semi-finished products stores<\/b><\/p>\n<p class=\"p1\">These industrial valve items are fully or partially machined. They are only assembled after the customer needs and requirements have been specified.<\/p>\n<p class=\"p1\"><b>&#8211; Finished products store<\/b><\/p>\n<p class=\"p1\">ROFORGE has a fast and efficient transport and logistics department.<\/p>\n<p class=\"p1\"><b>&#8211; Consignment stock <\/b><\/p>\n<p class=\"p1\"><b>ROFORGE has set up a consignment stock dedicated to<\/b><b> the customer\u2019s recurring consumptions. The dedicated consignement stock is supplied <\/b><b>regularly according to mini stocks defined by customers and when necessary, to special requests in order to get items rapidly.<\/p>\n<p><\/b><b>The consignment stock is either available at the ROFORGE shops or at the <\/b><b>customer\u2019s, therefore cutting transport time. ROFORGE invoices the customer in <\/b><b>real time for what they use.<\/b><\/p>\n<p>[\/vc_column_text]<a  itemprop=\"url\" href=\"\/en\/contact\" target=\"_self\"  class=\"qbutton  default\" style=\"\">Contact us<\/a>[\/vc_column_inner][\/vc_row_inner][\/vc_column][\/vc_row][vc_row css_animation=&#8221;&#8221; row_type=&#8221;row&#8221; use_row_as_full_screen_section=&#8221;no&#8221; type=&#8221;grid&#8221; anchor=&#8221;assistance&#8221; angled_section=&#8221;no&#8221; text_align=&#8221;left&#8221; background_image_as_pattern=&#8221;without_pattern&#8221; el_class=&#8221;bg_grey marge-int&#8221; z_index=&#8221;&#8221;][vc_column][vc_column_text el_class=&#8221;titre-image&#8221;]<img decoding=\"async\" class=\"alignnone size-full wp-image-391 img-svg-titre\" src=\"http:\/\/roforge.fr\/wp-content\/uploads\/2017\/12\/roforge_picto_assistance_technique.svg \" alt=\"\" \/><\/p>\n<h3>Technical support<\/h3>\n<p>&nbsp;<br \/>\n[\/vc_column_text][vc_row_inner row_type=&#8221;row&#8221; type=&#8221;full_width&#8221; text_align=&#8221;left&#8221; css_animation=&#8221;&#8221;][vc_column_inner width=&#8221;1\/3&#8243;][vc_single_image image=&#8221;280&#8243; img_size=&#8221;full&#8221; qode_css_animation=&#8221;&#8221;][\/vc_column_inner][vc_column_inner width=&#8221;2\/3&#8243;][vc_column_text]<\/p>\n<p class=\"p1\"><b>Consulting, expertise and diagnosis<\/b><\/p>\n<p class=\"p1\">ROFORGE experienced technicians and shops are at their customers disposal. Our teams can work on site for expertise<span class=\"Apple-converted-space\">\u00a0 <\/span> and training assignements. Training schemes can be adapted to specific requests: installation support, failure analysis, corrective actions.<\/p>\n<p class=\"p1\">The satisfaction of ROFORGE customers comes from the level of expertise of our consultants from the design department, especially when it comes to defining the customer needs.\n<\/p>\n<p>[\/vc_column_text]<a  itemprop=\"url\" href=\"\/en\/contact\" target=\"_self\"  class=\"qbutton  center default\" style=\"\">Contact us<\/a>[\/vc_column_inner][\/vc_row_inner][\/vc_column][\/vc_row][vc_row css_animation=&#8221;&#8221; row_type=&#8221;row&#8221; use_row_as_full_screen_section=&#8221;no&#8221; type=&#8221;grid&#8221; anchor=&#8221;maintenance&#8221; angled_section=&#8221;no&#8221; text_align=&#8221;left&#8221; background_image_as_pattern=&#8221;without_pattern&#8221; z_index=&#8221;&#8221; el_class=&#8221;marge-int&#8221;][vc_column][vc_column_text el_class=&#8221;titre-image&#8221;]<img decoding=\"async\" class=\"alignnone size-full wp-image-395 img-svg-titre\" src=\"http:\/\/roforge.fr\/wp-content\/uploads\/2017\/12\/roforge_picto_maintenance.svg\" alt=\"\" \/><\/p>\n<h3>Maintenance<\/h3>\n<p>&nbsp;<br \/>\n[\/vc_column_text][vc_row_inner row_type=&#8221;row&#8221; type=&#8221;full_width&#8221; text_align=&#8221;left&#8221; css_animation=&#8221;&#8221;][vc_column_inner width=&#8221;1\/3&#8243;][vc_single_image image=&#8221;457&#8243; img_size=&#8221;full&#8221; qode_css_animation=&#8221;&#8221;][\/vc_column_inner][vc_column_inner width=&#8221;2\/3&#8243;][vc_column_text]<\/p>\n<p class=\"p1\"><b>ROFORGE performs diagnoses on all <\/b><b>ROFORGE, MAVINOX and RONFARD valves.<\/b><\/p>\n<p class=\"p1\">The valve manufacturer makes quotes for repair and performs repair in compliance with operational and <span class=\"Apple-converted-space\">\u00a0 <\/span>regulatory requirements. These call-outs are covered by the manufacturer\u2019s repair warranty.<\/p>\n<p class=\"p1\"Moreover, ROFORGE has set up a high performance emergency shuttle crate system to deal with the maintenance of sensitive valves.<\/p>\n<p>[\/vc_column_text]<a  itemprop=\"url\" href=\"\/en\/contact\" target=\"_self\"  class=\"qbutton  default\" style=\"\">Contact us<\/a>[\/vc_column_inner][\/vc_row_inner][\/vc_column][\/vc_row][vc_row css_animation=&#8221;&#8221; row_type=&#8221;row&#8221; use_row_as_full_screen_section=&#8221;no&#8221; type=&#8221;grid&#8221; anchor=&#8221;gme&#8221; angled_section=&#8221;no&#8221; text_align=&#8221;left&#8221; background_image_as_pattern=&#8221;without_pattern&#8221; el_class=&#8221;bg_grey&#8221; z_index=&#8221;&#8221;][vc_column][vc_column_text el_class=&#8221;titre-image&#8221;]<img decoding=\"async\" class=\"alignnone size-full wp-image-393 img-svg-titre\" src=\"http:\/\/roforge.fr\/wp-content\/uploads\/2017\/12\/roforge_picto_gme.svg\" alt=\"\" \/><\/p>\n<h3>TEMPORARY CONSORTIUM (GME)<\/h3>\n<p>[\/vc_column_text][vc_row_inner row_type=&#8221;row&#8221; type=&#8221;full_width&#8221; text_align=&#8221;left&#8221; css_animation=&#8221;&#8221;][vc_column_inner width=&#8221;1\/3&#8243;][vc_single_image image=&#8221;102&#8243; img_size=&#8221;full&#8221; qode_css_animation=&#8221;&#8221;][\/vc_column_inner][vc_column_inner width=&#8221;2\/3&#8243;][vc_column_text]<\/p>\n<p class=\"p1\"><b>ROFORGE can work on large scale projects.<\/b><\/p>\n<p class=\"p1\">The company can design joint bids, upon request from major customers. To do so, ROFORGE joins forces with valve manufacturing partners to create temporary consortiums.<\/p>\n<p>[\/vc_column_text]<a  itemprop=\"url\" href=\"\/en\/contact\" target=\"_self\"  class=\"qbutton  default\" style=\"\">Contact us<\/a>[\/vc_column_inner][\/vc_row_inner][\/vc_column][\/vc_row]<\/p>\n<\/div>","protected":false},"excerpt":{"rendered":"<p>[vc_row css_animation=&#8221;&#8221; row_type=&#8221;row&#8221; use_row_as_full_screen_section=&#8221;no&#8221; type=&#8221;full_width&#8221; angled_section=&#8221;no&#8221; text_align=&#8221;left&#8221; background_image_as_pattern=&#8221;without_pattern&#8221; el_class=&#8221;nomarge&#8221;][vc_column][qode_elements_holder background_color=&#8221;#fc0d1b&#8221; number_of_columns=&#8221;two_columns&#8221;][qode_elements_holder_item advanced_animations=&#8221;no&#8221;][vc_single_image image=&#8221;354&#8243; img_size=&#8221;full&#8221; qode_css_animation=&#8221;&#8221;][\/qode_elements_holder_item][qode_elements_holder_item vertical_alignment=&#8221;top&#8221; advanced_animations=&#8221;no&#8221;][vc_column_text el_class=&#8221;surtitre&#8221;]OUR SERVICES[\/vc_column_text][vc_column_text] Reactive, flexible with great quality services [\/vc_column_text][\/qode_elements_holder_item][\/qode_elements_holder][\/vc_column][\/vc_row][vc_row css_animation=&#8221;&#8221; row_type=&#8221;row&#8221; use_row_as_full_screen_section=&#8221;no&#8221; type=&#8221;grid&#8221; angled_section=&#8221;no&#8221; text_align=&#8221;left&#8221; background_image_as_pattern=&#8221;without_pattern&#8221; el_class=&#8221;marge-sup&#8221;][vc_column][vc_column_text] OUR SERVICES The high satisfaction of ROFORGE customers all around the&#8230;<\/p>\n","protected":false},"author":8,"featured_media":0,"parent":0,"menu_order":0,"comment_status":"closed","ping_status":"closed","template":"full_width.php","meta":{"_acf_changed":false,"inline_featured_image":false,"footnotes":""},"class_list":["post-441","page","type-page","status-publish","hentry"],"acf":[],"yoast_head":"<!-- This site is optimized with the Yoast SEO plugin v27.4 - https:\/\/yoast.com\/product\/yoast-seo-wordpress\/ -->\n<title>Services - Roforge, concepteur fabricant de solutions innovantes de robinetterie industrielle, forg\u00e9e et moul\u00e9e<\/title>\n<meta name=\"description\" content=\"The high satisfaction of ROFORGE customers all around the world comes from the skills and readiness of our teams. ROFORGE provides consulting, expertise, support, maintenance and training, all with strong readiness and adaptation capacities to meet the needs and requirements of our customers.\" \/>\n<meta name=\"robots\" content=\"index, follow, max-snippet:-1, max-image-preview:large, max-video-preview:-1\" \/>\n<link rel=\"canonical\" href=\"https:\/\/roforge.fr\/services\/\" \/>\n<meta property=\"og:locale\" content=\"en_US\" \/>\n<meta property=\"og:type\" content=\"article\" \/>\n<meta property=\"og:title\" content=\"Services - Roforge, concepteur fabricant de solutions innovantes de robinetterie industrielle, forg\u00e9e et moul\u00e9e\" \/>\n<meta property=\"og:description\" content=\"The high satisfaction of ROFORGE customers all around the world comes from the skills and readiness of our teams. ROFORGE provides consulting, expertise, support, maintenance and training, all with strong readiness and adaptation capacities to meet the needs and requirements of our customers.\" \/>\n<meta property=\"og:url\" content=\"https:\/\/roforge.fr\/services\/\" \/>\n<meta property=\"og:site_name\" content=\"Roforge, concepteur fabricant de solutions innovantes de robinetterie industrielle, forg\u00e9e et moul\u00e9e\" \/>\n<meta property=\"article:modified_time\" content=\"2018-02-21T09:36:44+00:00\" \/>\n<meta property=\"og:image\" content=\"http:\/\/roforge.fr\/wp-content\/uploads\/2017\/12\/roforge_picto_reactivite.svg\" \/>\n<meta name=\"twitter:card\" content=\"summary_large_image\" \/>\n<meta name=\"twitter:label1\" content=\"Est. reading time\" \/>\n\t<meta name=\"twitter:data1\" content=\"5 minutes\" \/>\n<script type=\"application\/ld+json\" class=\"yoast-schema-graph\">{\"@context\":\"https:\\\/\\\/schema.org\",\"@graph\":[{\"@type\":\"WebPage\",\"@id\":\"https:\\\/\\\/roforge.fr\\\/services\\\/\",\"url\":\"https:\\\/\\\/roforge.fr\\\/services\\\/\",\"name\":\"Services - Roforge, concepteur fabricant de solutions innovantes de robinetterie industrielle, forg\u00e9e et moul\u00e9e\",\"isPartOf\":{\"@id\":\"https:\\\/\\\/roforge.fr\\\/#website\"},\"primaryImageOfPage\":{\"@id\":\"https:\\\/\\\/roforge.fr\\\/services\\\/#primaryimage\"},\"image\":{\"@id\":\"https:\\\/\\\/roforge.fr\\\/services\\\/#primaryimage\"},\"thumbnailUrl\":\"http:\\\/\\\/roforge.fr\\\/wp-content\\\/uploads\\\/2017\\\/12\\\/roforge_picto_reactivite.svg\",\"datePublished\":\"2017-10-17T13:40:06+00:00\",\"dateModified\":\"2018-02-21T09:36:44+00:00\",\"description\":\"The high satisfaction of ROFORGE customers all around the world comes from the skills and readiness of our teams. ROFORGE provides consulting, expertise, support, maintenance and training, all with strong readiness and adaptation capacities to meet the needs and requirements of our customers.\",\"breadcrumb\":{\"@id\":\"https:\\\/\\\/roforge.fr\\\/services\\\/#breadcrumb\"},\"inLanguage\":\"en-US\",\"potentialAction\":[{\"@type\":\"ReadAction\",\"target\":[\"https:\\\/\\\/roforge.fr\\\/services\\\/\"]}]},{\"@type\":\"ImageObject\",\"inLanguage\":\"en-US\",\"@id\":\"https:\\\/\\\/roforge.fr\\\/services\\\/#primaryimage\",\"url\":\"http:\\\/\\\/roforge.fr\\\/wp-content\\\/uploads\\\/2017\\\/12\\\/roforge_picto_reactivite.svg\",\"contentUrl\":\"http:\\\/\\\/roforge.fr\\\/wp-content\\\/uploads\\\/2017\\\/12\\\/roforge_picto_reactivite.svg\"},{\"@type\":\"BreadcrumbList\",\"@id\":\"https:\\\/\\\/roforge.fr\\\/services\\\/#breadcrumb\",\"itemListElement\":[{\"@type\":\"ListItem\",\"position\":1,\"name\":\"Accueil\",\"item\":\"https:\\\/\\\/roforge.fr\\\/en\\\/\"},{\"@type\":\"ListItem\",\"position\":2,\"name\":\"Services\"}]},{\"@type\":\"WebSite\",\"@id\":\"https:\\\/\\\/roforge.fr\\\/#website\",\"url\":\"https:\\\/\\\/roforge.fr\\\/\",\"name\":\"Roforge, concepteur fabricant de solutions innovantes de robinetterie industrielle, forg\u00e9e et moul\u00e9e\",\"description\":\"Solutions de robinetterie forg\u00e9e et moul\u00e9e\",\"publisher\":{\"@id\":\"https:\\\/\\\/roforge.fr\\\/#organization\"},\"potentialAction\":[{\"@type\":\"SearchAction\",\"target\":{\"@type\":\"EntryPoint\",\"urlTemplate\":\"https:\\\/\\\/roforge.fr\\\/?s={search_term_string}\"},\"query-input\":{\"@type\":\"PropertyValueSpecification\",\"valueRequired\":true,\"valueName\":\"search_term_string\"}}],\"inLanguage\":\"en-US\"},{\"@type\":\"Organization\",\"@id\":\"https:\\\/\\\/roforge.fr\\\/#organization\",\"name\":\"ROFORGE\",\"url\":\"https:\\\/\\\/roforge.fr\\\/\",\"logo\":{\"@type\":\"ImageObject\",\"inLanguage\":\"en-US\",\"@id\":\"https:\\\/\\\/roforge.fr\\\/#\\\/schema\\\/logo\\\/image\\\/\",\"url\":\"https:\\\/\\\/roforge.fr\\\/wp-content\\\/uploads\\\/2018\\\/01\\\/picto-roforge.png\",\"contentUrl\":\"https:\\\/\\\/roforge.fr\\\/wp-content\\\/uploads\\\/2018\\\/01\\\/picto-roforge.png\",\"width\":104,\"height\":31,\"caption\":\"ROFORGE\"},\"image\":{\"@id\":\"https:\\\/\\\/roforge.fr\\\/#\\\/schema\\\/logo\\\/image\\\/\"},\"sameAs\":[\"https:\\\/\\\/www.linkedin.com\\\/company\\\/69402884\\\/\"]}]}<\/script>\n<!-- \/ Yoast SEO plugin. -->","yoast_head_json":{"title":"Services - Roforge, concepteur fabricant de solutions innovantes de robinetterie industrielle, forg\u00e9e et moul\u00e9e","description":"The high satisfaction of ROFORGE customers all around the world comes from the skills and readiness of our teams. ROFORGE provides consulting, expertise, support, maintenance and training, all with strong readiness and adaptation capacities to meet the needs and requirements of our customers.","robots":{"index":"index","follow":"follow","max-snippet":"max-snippet:-1","max-image-preview":"max-image-preview:large","max-video-preview":"max-video-preview:-1"},"canonical":"https:\/\/roforge.fr\/services\/","og_locale":"en_US","og_type":"article","og_title":"Services - Roforge, concepteur fabricant de solutions innovantes de robinetterie industrielle, forg\u00e9e et moul\u00e9e","og_description":"The high satisfaction of ROFORGE customers all around the world comes from the skills and readiness of our teams. ROFORGE provides consulting, expertise, support, maintenance and training, all with strong readiness and adaptation capacities to meet the needs and requirements of our customers.","og_url":"https:\/\/roforge.fr\/services\/","og_site_name":"Roforge, concepteur fabricant de solutions innovantes de robinetterie industrielle, forg\u00e9e et moul\u00e9e","article_modified_time":"2018-02-21T09:36:44+00:00","og_image":[{"url":"http:\/\/roforge.fr\/wp-content\/uploads\/2017\/12\/roforge_picto_reactivite.svg","type":"","width":"","height":""}],"twitter_card":"summary_large_image","twitter_misc":{"Est. reading time":"5 minutes"},"schema":{"@context":"https:\/\/schema.org","@graph":[{"@type":"WebPage","@id":"https:\/\/roforge.fr\/services\/","url":"https:\/\/roforge.fr\/services\/","name":"Services - Roforge, concepteur fabricant de solutions innovantes de robinetterie industrielle, forg\u00e9e et moul\u00e9e","isPartOf":{"@id":"https:\/\/roforge.fr\/#website"},"primaryImageOfPage":{"@id":"https:\/\/roforge.fr\/services\/#primaryimage"},"image":{"@id":"https:\/\/roforge.fr\/services\/#primaryimage"},"thumbnailUrl":"http:\/\/roforge.fr\/wp-content\/uploads\/2017\/12\/roforge_picto_reactivite.svg","datePublished":"2017-10-17T13:40:06+00:00","dateModified":"2018-02-21T09:36:44+00:00","description":"The high satisfaction of ROFORGE customers all around the world comes from the skills and readiness of our teams. ROFORGE provides consulting, expertise, support, maintenance and training, all with strong readiness and adaptation capacities to meet the needs and requirements of our customers.","breadcrumb":{"@id":"https:\/\/roforge.fr\/services\/#breadcrumb"},"inLanguage":"en-US","potentialAction":[{"@type":"ReadAction","target":["https:\/\/roforge.fr\/services\/"]}]},{"@type":"ImageObject","inLanguage":"en-US","@id":"https:\/\/roforge.fr\/services\/#primaryimage","url":"http:\/\/roforge.fr\/wp-content\/uploads\/2017\/12\/roforge_picto_reactivite.svg","contentUrl":"http:\/\/roforge.fr\/wp-content\/uploads\/2017\/12\/roforge_picto_reactivite.svg"},{"@type":"BreadcrumbList","@id":"https:\/\/roforge.fr\/services\/#breadcrumb","itemListElement":[{"@type":"ListItem","position":1,"name":"Accueil","item":"https:\/\/roforge.fr\/en\/"},{"@type":"ListItem","position":2,"name":"Services"}]},{"@type":"WebSite","@id":"https:\/\/roforge.fr\/#website","url":"https:\/\/roforge.fr\/","name":"Roforge, concepteur fabricant de solutions innovantes de robinetterie industrielle, forg\u00e9e et moul\u00e9e","description":"Solutions de robinetterie forg\u00e9e et moul\u00e9e","publisher":{"@id":"https:\/\/roforge.fr\/#organization"},"potentialAction":[{"@type":"SearchAction","target":{"@type":"EntryPoint","urlTemplate":"https:\/\/roforge.fr\/?s={search_term_string}"},"query-input":{"@type":"PropertyValueSpecification","valueRequired":true,"valueName":"search_term_string"}}],"inLanguage":"en-US"},{"@type":"Organization","@id":"https:\/\/roforge.fr\/#organization","name":"ROFORGE","url":"https:\/\/roforge.fr\/","logo":{"@type":"ImageObject","inLanguage":"en-US","@id":"https:\/\/roforge.fr\/#\/schema\/logo\/image\/","url":"https:\/\/roforge.fr\/wp-content\/uploads\/2018\/01\/picto-roforge.png","contentUrl":"https:\/\/roforge.fr\/wp-content\/uploads\/2018\/01\/picto-roforge.png","width":104,"height":31,"caption":"ROFORGE"},"image":{"@id":"https:\/\/roforge.fr\/#\/schema\/logo\/image\/"},"sameAs":["https:\/\/www.linkedin.com\/company\/69402884\/"]}]}},"_links":{"self":[{"href":"https:\/\/roforge.fr\/en\/wp-json\/wp\/v2\/pages\/441","targetHints":{"allow":["GET"]}}],"collection":[{"href":"https:\/\/roforge.fr\/en\/wp-json\/wp\/v2\/pages"}],"about":[{"href":"https:\/\/roforge.fr\/en\/wp-json\/wp\/v2\/types\/page"}],"author":[{"embeddable":true,"href":"https:\/\/roforge.fr\/en\/wp-json\/wp\/v2\/users\/8"}],"replies":[{"embeddable":true,"href":"https:\/\/roforge.fr\/en\/wp-json\/wp\/v2\/comments?post=441"}],"version-history":[{"count":0,"href":"https:\/\/roforge.fr\/en\/wp-json\/wp\/v2\/pages\/441\/revisions"}],"wp:attachment":[{"href":"https:\/\/roforge.fr\/en\/wp-json\/wp\/v2\/media?parent=441"}],"curies":[{"name":"wp","href":"https:\/\/api.w.org\/{rel}","templated":true}]}}