{"id":367,"date":"2017-10-17T15:40:20","date_gmt":"2017-10-17T13:40:20","guid":{"rendered":"http:\/\/roforge.fr\/company\/"},"modified":"2018-02-16T18:25:24","modified_gmt":"2018-02-16T17:25:24","slug":"company","status":"publish","type":"page","link":"https:\/\/roforge.fr\/en\/company\/","title":{"rendered":"COMPANY"},"content":{"rendered":"<div class=\"wpb-content-wrapper\"><p>[vc_row css_animation=&#8221;&#8221; row_type=&#8221;row&#8221; use_row_as_full_screen_section=&#8221;no&#8221; type=&#8221;full_width&#8221; angled_section=&#8221;no&#8221; text_align=&#8221;left&#8221; background_image_as_pattern=&#8221;without_pattern&#8221; el_class=&#8221;nomarge&#8221;][vc_column][qode_elements_holder background_color=&#8221;#fc0d1b&#8221; number_of_columns=&#8221;two_columns&#8221;][qode_elements_holder_item advanced_animations=&#8221;no&#8221;][vc_single_image image=&#8221;247&#8243; img_size=&#8221;full&#8221; qode_css_animation=&#8221;&#8221;][\/qode_elements_holder_item][qode_elements_holder_item vertical_alignment=&#8221;top&#8221; advanced_animations=&#8221;no&#8221;][vc_column_text el_class=&#8221;surtitre&#8221;]The Company[\/vc_column_text][vc_column_text]<\/p>\n<h1>ROFORGE,<span class=\"black\">know-how accumulated <\/span><br \/>\nfor nearly a hundred years<\/h1>\n<p>[\/vc_column_text][\/qode_elements_holder_item][\/qode_elements_holder][\/vc_column][\/vc_row][vc_row css_animation=&#8221;&#8221; row_type=&#8221;row&#8221; use_row_as_full_screen_section=&#8221;no&#8221; type=&#8221;grid&#8221; angled_section=&#8221;no&#8221; text_align=&#8221;left&#8221; background_image_as_pattern=&#8221;without_pattern&#8221; el_class=&#8221;marge-sup&#8221;][vc_column][vc_column_text]<\/p>\n<h2><span class=\"lighter\">THE COMPANY<\/span><br \/>\nROFORGE<\/h2>\n<p>ROFORGE designs, manufactures and sells industrial forged and cast valves. Its experience dates back nearly a century. Its headquarter is in Saint-Chamond in the central Auvergne and Rh\u00f4ne-Alpes region, close to the A47 motorway, between Lyon and Saint-Etienne (50km from Lyon, 12 from Saint-Etienne).[\/vc_column_text][\/vc_column][\/vc_row][vc_row css_animation=&#8221;&#8221; row_type=&#8221;row&#8221; use_row_as_full_screen_section=&#8221;no&#8221; type=&#8221;grid&#8221; angled_section=&#8221;no&#8221; text_align=&#8221;left&#8221; background_image_as_pattern=&#8221;without_pattern&#8221;][vc_column][vc_column_text]<\/p>\n<div class=\"bt_1-5-square red1\"><a class=\"anchor\" href=\"#Bureau-etude\">DESIGN DEPARTMENT<br \/>\n&amp; INNOVATION<\/a><\/div>\n<div class=\"bt_1-5-square red2\"><a class=\"anchor\" href=\"#RH\">SKILLS &amp;<br \/>\nHUMAN<br \/>\nRESOURCES<br \/>\n<\/a><\/div>\n<div class=\"bt_1-5-square red3\"><a class=\"anchor\" href=\"#moyens\">FACILITIES &amp;<br \/>\nPRODUCTION<br \/>\nMEANS<\/a><\/div>\n<div class=\"bt_1-5-square red4\"><a class=\"anchor\" href=\"#qualite\">QUALITY &amp;<br \/>\nCERTIFICATIONS<\/a><\/div>\n<div class=\"bt_1-5-square red5\"><a class=\"anchor\" href=\"#clients-roforge\">OUR CUSTOMERS<\/a><\/div>\n<p>[\/vc_column_text][\/vc_column][\/vc_row][vc_row css_animation=&#8221;&#8221; row_type=&#8221;row&#8221; use_row_as_full_screen_section=&#8221;no&#8221; type=&#8221;grid&#8221; anchor=&#8221;Bureau-etude&#8221; angled_section=&#8221;no&#8221; text_align=&#8221;left&#8221; background_image_as_pattern=&#8221;without_pattern&#8221; el_class=&#8221;bg_grey&#8221; z_index=&#8221;&#8221;][vc_column][qode_elements_holder number_of_columns=&#8221;three_columns&#8221;][qode_elements_holder_item advanced_animations=&#8221;no&#8221;][vc_column_text]<\/p>\n<h3>DESIGN DEPARTMENT &amp; innovation<\/h3>\n<p><strong>ROFORGE design department consists of engineers and technicians, all highly skilled and trained for the specific requirements of valves and fittings.<\/strong>Thanks to their listening skills and through a close collaboration with the sales department, the design department can design or improve equipments for all industrial sectors. The team works with tools such as Solidworks and Solidworks simulation.[\/vc_column_text]<a  itemprop=\"url\" href=\"\/en\/contact\" target=\"_self\"  class=\"qbutton  default\" style=\"\">contact us<\/a>[\/qode_elements_holder_item][qode_elements_holder_item background_image=&#8221;264&#8243; advanced_animations=&#8221;no&#8221;][vc_single_image image=&#8221;264&#8243; img_size=&#8221;full&#8221; qode_css_animation=&#8221;&#8221;][\/qode_elements_holder_item][\/qode_elements_holder][\/vc_column][\/vc_row][vc_row css_animation=&#8221;&#8221; row_type=&#8221;row&#8221; use_row_as_full_screen_section=&#8221;no&#8221; type=&#8221;grid&#8221; anchor=&#8221;RH&#8221; angled_section=&#8221;no&#8221; text_align=&#8221;left&#8221; background_image_as_pattern=&#8221;without_pattern&#8221; z_index=&#8221;&#8221;][vc_column width=&#8221;1\/3&#8243;][vc_gallery type=&#8221;flexslider_slide&#8221; interval=&#8221;3&#8243; images=&#8221;278,280,282,284&#8243; img_size=&#8221;full&#8221; onclick=&#8221;&#8221; control_nav=&#8221;yes&#8221;][\/vc_column][vc_column width=&#8221;2\/3&#8243;][vc_column_text]<\/p>\n<h3>SKILLS &amp; HUMAN RESOURCES<\/h3>\n<p>[\/vc_column_text][vc_column_text]<strong>Team spirit<\/strong><\/p>\n<p>The ROFORGE team has 40 employees working across a variety of skills: engineers, salespeople, technicians, logistics specialists, qualified operators\u2026 Driven by their team spirit, they all give their all to satisfying all customers\u2019 needs.[\/vc_column_text]<a  itemprop=\"url\" href=\"\/en\/contact\" target=\"_self\"  class=\"qbutton  default\" style=\"\">contact us<\/a>[\/vc_column][\/vc_row][vc_row css_animation=&#8221;&#8221; row_type=&#8221;row&#8221; use_row_as_full_screen_section=&#8221;no&#8221; type=&#8221;grid&#8221; anchor=&#8221;moyens&#8221; angled_section=&#8221;no&#8221; text_align=&#8221;left&#8221; background_image_as_pattern=&#8221;without_pattern&#8221; el_class=&#8221;bg_grey marge_int-top&#8221; z_index=&#8221;&#8221;][vc_column width=&#8221;1\/2&#8243;][vc_column_text]<\/p>\n<h3><strong>FACILITIES &amp; PRODUCTION MEANS<\/strong><\/h3>\n<p><strong>ROFORGE has high performance production means, adapted to all its manufacturers and displayed over 3500 m2. The valve company regularly invests to renew its machine range.<\/strong><\/p>\n<p>In the manufacturing and maintenance shops, professional teams carry out manufacturing, expertise, maintenance and any possible repair jobs on ROFORGE products.<\/p>\n<p>&nbsp;<\/p>\n<p><strong>ROFORGE professional teams work with:<\/strong><\/p>\n<p>10 CN lathes.<\/p>\n<p>4 machining centres.<\/p>\n<p>10 conventional lathes.<\/p>\n<p>1 welding shop.<\/p>\n<p>Control equipment: hardness, dimensional, dye penetratant testing.<\/p>\n<p>1 spraying room.<\/p>\n<p>8 hydraulic and pneumatic test benches.<\/p>\n<p>Other equipments: saws, drills, grinding machines.<\/p>\n<p>Lifting equipment for up to 5 tons: bridge crane, arms, forklift trucks.<\/p>\n<p>&nbsp;[\/vc_column_text]<a  itemprop=\"url\" href=\"\/en\/contact\" target=\"_self\"  class=\"qbutton  default\" style=\"\">contact us<\/a>[\/vc_column][vc_column width=&#8221;1\/2&#8243;][vc_gallery interval=&#8221;3&#8243; images=&#8221;1164,1215,1221,1223,1225,1227,1229,1162,1246,1248&#8243; img_size=&#8221;large&#8221; onclick=&#8221;&#8221; direction_nav=&#8221;no&#8221; control_nav=&#8221;yes&#8221;][\/vc_column][\/vc_row][vc_row css_animation=&#8221;&#8221; row_type=&#8221;row&#8221; use_row_as_full_screen_section=&#8221;no&#8221; type=&#8221;grid&#8221; anchor=&#8221;qualite&#8221; angled_section=&#8221;no&#8221; text_align=&#8221;left&#8221; background_image_as_pattern=&#8221;without_pattern&#8221; z_index=&#8221;&#8221;][vc_column width=&#8221;1\/3&#8243;][vc_gallery type=&#8221;flexslider_slide&#8221; interval=&#8221;3&#8243; images=&#8221;1180,1232,301,1279&#8243; img_size=&#8221;full&#8221; onclick=&#8221;&#8221; control_nav=&#8221;yes&#8221;][\/vc_column][vc_column width=&#8221;2\/3&#8243;][vc_column_text]<\/p>\n<h3>quality &amp; certifications<\/h3>\n<p>[\/vc_column_text][vc_column_text]<strong>QUALITY ASSURANCE ISO9001<\/strong><\/p>\n<p>ROFORGE is certified according to the ISO 9001 standard for the design, manufacturing and sales of industrial valve items from ROFORGE, MAVINOX and RONFARD.<\/p>\n<p><strong>EUROPEAN DIRECTIVE PRESSURE EQUIPMENT 2014\/68\/UE<\/strong><\/p>\n<p>ROFORGE is certified and holds a Qality Assurance System in compliance with the European directive on pressure equipment 2014\/68\/UE applicable to industrial valve items and to pneumatic linear actuators.<\/p>\n<p><strong>EDF QUALIFICATION<\/strong><\/p>\n<p>ROFORGE is qualified to provide services to the Engineering Production Department of EDF, the French national electricity incumbent (nuclear and thermal power plants).<\/p>\n<p><strong>CHINESE CHEMICAL INDUSTRY CERTIFICATION<\/strong><br \/>\nROFORGE is certified by the Chinese authorities for pressure equipment safety. As such, it designs and manufactures piston valves for the Chinese chemical industry.<\/p>\n<p><strong>Directive ATEX 2014\/34\/UE ex-94\/9\/CE<\/strong><br \/>\nUpon request, ROFORGE provides qualified material to be used in explosive atmospheres.[\/vc_column_text]<a  itemprop=\"url\" href=\"\/en\/contact\" target=\"_self\"  class=\"qbutton  default\" style=\"\">contact us<\/a>[\/vc_column][\/vc_row][vc_row css_animation=&#8221;&#8221; row_type=&#8221;row&#8221; use_row_as_full_screen_section=&#8221;no&#8221; type=&#8221;grid&#8221; anchor=&#8221;clients-roforge&#8221; angled_section=&#8221;no&#8221; text_align=&#8221;left&#8221; background_image_as_pattern=&#8221;without_pattern&#8221; el_class=&#8221;bg_grey&#8221; z_index=&#8221;&#8221;][vc_column][qode_elements_holder number_of_columns=&#8221;three_columns&#8221;][qode_elements_holder_item advanced_animations=&#8221;no&#8221;][vc_column_text]<\/p>\n<h3>OUR CUSTOMERS<\/h3>\n<p><strong>The industrial valve maker ROFORGE is a worldwide company.<\/strong><\/p>\n<p class=\"p1\">The company has provided industrial valves for thermal plants in Asia, for chemical industry sites in China. ROFORGE has also taken part in turnkey plant construction projects in England, Egypt, Vietnam\u2026<\/p>\n<p>[\/vc_column_text]<a  itemprop=\"url\" href=\"\/en\/contact\" target=\"_self\"  class=\"qbutton  default\" style=\"\">contact us<\/a>[\/qode_elements_holder_item][qode_elements_holder_item background_image=&#8221;264&#8243; advanced_animations=&#8221;no&#8221;][vc_single_image image=&#8221;305&#8243; img_size=&#8221;full&#8221; qode_css_animation=&#8221;&#8221;][\/qode_elements_holder_item][\/qode_elements_holder][\/vc_column][\/vc_row]<\/p>\n<\/div>","protected":false},"excerpt":{"rendered":"<p>[vc_row css_animation=&#8221;&#8221; row_type=&#8221;row&#8221; use_row_as_full_screen_section=&#8221;no&#8221; type=&#8221;full_width&#8221; angled_section=&#8221;no&#8221; text_align=&#8221;left&#8221; background_image_as_pattern=&#8221;without_pattern&#8221; el_class=&#8221;nomarge&#8221;][vc_column][qode_elements_holder background_color=&#8221;#fc0d1b&#8221; number_of_columns=&#8221;two_columns&#8221;][qode_elements_holder_item advanced_animations=&#8221;no&#8221;][vc_single_image image=&#8221;247&#8243; img_size=&#8221;full&#8221; qode_css_animation=&#8221;&#8221;][\/qode_elements_holder_item][qode_elements_holder_item vertical_alignment=&#8221;top&#8221; advanced_animations=&#8221;no&#8221;][vc_column_text el_class=&#8221;surtitre&#8221;]The Company[\/vc_column_text][vc_column_text] ROFORGE,know-how accumulated for nearly a hundred years [\/vc_column_text][\/qode_elements_holder_item][\/qode_elements_holder][\/vc_column][\/vc_row][vc_row css_animation=&#8221;&#8221; row_type=&#8221;row&#8221; use_row_as_full_screen_section=&#8221;no&#8221; type=&#8221;grid&#8221; angled_section=&#8221;no&#8221; text_align=&#8221;left&#8221; background_image_as_pattern=&#8221;without_pattern&#8221; el_class=&#8221;marge-sup&#8221;][vc_column][vc_column_text] THE COMPANY ROFORGE ROFORGE designs, manufactures and sells industrial forged&#8230;<\/p>\n","protected":false},"author":8,"featured_media":0,"parent":0,"menu_order":0,"comment_status":"closed","ping_status":"closed","template":"full_width.php","meta":{"_acf_changed":false,"inline_featured_image":false,"footnotes":""},"class_list":["post-367","page","type-page","status-publish","hentry"],"acf":[],"yoast_head":"<!-- This site is optimized with the Yoast SEO plugin v27.3 - https:\/\/yoast.com\/product\/yoast-seo-wordpress\/ -->\n<title>COMPANY - Roforge, concepteur fabricant de solutions innovantes de robinetterie industrielle, forg\u00e9e et moul\u00e9e<\/title>\n<meta name=\"description\" content=\"ROFORGE design department consists of engineers and technicians, all highly skilled and trained for the specific requirements of valves. Thanks to their listening skills and through a close collaboration with the sales department, the design department can design or improve equipments for all industrial sectors. The team works with tools such as Solidworks and Solidworks simulation.\" \/>\n<meta name=\"robots\" content=\"index, follow, max-snippet:-1, max-image-preview:large, max-video-preview:-1\" \/>\n<link rel=\"canonical\" href=\"https:\/\/roforge.fr\/entreprise\/\" \/>\n<meta property=\"og:locale\" content=\"en_US\" \/>\n<meta property=\"og:type\" content=\"article\" \/>\n<meta property=\"og:title\" content=\"COMPANY - Roforge, concepteur fabricant de solutions innovantes de robinetterie industrielle, forg\u00e9e et moul\u00e9e\" \/>\n<meta property=\"og:description\" content=\"ROFORGE design department consists of engineers and technicians, all highly skilled and trained for the specific requirements of valves. Thanks to their listening skills and through a close collaboration with the sales department, the design department can design or improve equipments for all industrial sectors. The team works with tools such as Solidworks and Solidworks simulation.\" \/>\n<meta property=\"og:url\" content=\"https:\/\/roforge.fr\/entreprise\/\" \/>\n<meta property=\"og:site_name\" content=\"Roforge, concepteur fabricant de solutions innovantes de robinetterie industrielle, forg\u00e9e et moul\u00e9e\" \/>\n<meta property=\"article:modified_time\" content=\"2018-02-16T17:25:24+00:00\" \/>\n<meta name=\"twitter:card\" content=\"summary_large_image\" \/>\n<meta name=\"twitter:label1\" content=\"Est. reading time\" \/>\n\t<meta name=\"twitter:data1\" content=\"5 minutes\" \/>\n<script type=\"application\/ld+json\" class=\"yoast-schema-graph\">{\"@context\":\"https:\\\/\\\/schema.org\",\"@graph\":[{\"@type\":\"WebPage\",\"@id\":\"https:\\\/\\\/roforge.fr\\\/entreprise\\\/\",\"url\":\"https:\\\/\\\/roforge.fr\\\/entreprise\\\/\",\"name\":\"COMPANY - Roforge, concepteur fabricant de solutions innovantes de robinetterie industrielle, forg\u00e9e et moul\u00e9e\",\"isPartOf\":{\"@id\":\"https:\\\/\\\/roforge.fr\\\/#website\"},\"datePublished\":\"2017-10-17T13:40:20+00:00\",\"dateModified\":\"2018-02-16T17:25:24+00:00\",\"description\":\"ROFORGE design department consists of engineers and technicians, all highly skilled and trained for the specific requirements of valves. Thanks to their listening skills and through a close collaboration with the sales department, the design department can design or improve equipments for all industrial sectors. The team works with tools such as Solidworks and Solidworks simulation.\",\"breadcrumb\":{\"@id\":\"https:\\\/\\\/roforge.fr\\\/entreprise\\\/#breadcrumb\"},\"inLanguage\":\"en-US\",\"potentialAction\":[{\"@type\":\"ReadAction\",\"target\":[\"https:\\\/\\\/roforge.fr\\\/entreprise\\\/\"]}]},{\"@type\":\"BreadcrumbList\",\"@id\":\"https:\\\/\\\/roforge.fr\\\/entreprise\\\/#breadcrumb\",\"itemListElement\":[{\"@type\":\"ListItem\",\"position\":1,\"name\":\"Accueil\",\"item\":\"https:\\\/\\\/roforge.fr\\\/en\\\/\"},{\"@type\":\"ListItem\",\"position\":2,\"name\":\"COMPANY\"}]},{\"@type\":\"WebSite\",\"@id\":\"https:\\\/\\\/roforge.fr\\\/#website\",\"url\":\"https:\\\/\\\/roforge.fr\\\/\",\"name\":\"Roforge, concepteur fabricant de solutions innovantes de robinetterie industrielle, forg\u00e9e et moul\u00e9e\",\"description\":\"Solutions de robinetterie forg\u00e9e et moul\u00e9e\",\"publisher\":{\"@id\":\"https:\\\/\\\/roforge.fr\\\/#organization\"},\"potentialAction\":[{\"@type\":\"SearchAction\",\"target\":{\"@type\":\"EntryPoint\",\"urlTemplate\":\"https:\\\/\\\/roforge.fr\\\/?s={search_term_string}\"},\"query-input\":{\"@type\":\"PropertyValueSpecification\",\"valueRequired\":true,\"valueName\":\"search_term_string\"}}],\"inLanguage\":\"en-US\"},{\"@type\":\"Organization\",\"@id\":\"https:\\\/\\\/roforge.fr\\\/#organization\",\"name\":\"ROFORGE\",\"url\":\"https:\\\/\\\/roforge.fr\\\/\",\"logo\":{\"@type\":\"ImageObject\",\"inLanguage\":\"en-US\",\"@id\":\"https:\\\/\\\/roforge.fr\\\/#\\\/schema\\\/logo\\\/image\\\/\",\"url\":\"https:\\\/\\\/roforge.fr\\\/wp-content\\\/uploads\\\/2018\\\/01\\\/picto-roforge.png\",\"contentUrl\":\"https:\\\/\\\/roforge.fr\\\/wp-content\\\/uploads\\\/2018\\\/01\\\/picto-roforge.png\",\"width\":104,\"height\":31,\"caption\":\"ROFORGE\"},\"image\":{\"@id\":\"https:\\\/\\\/roforge.fr\\\/#\\\/schema\\\/logo\\\/image\\\/\"},\"sameAs\":[\"https:\\\/\\\/www.linkedin.com\\\/company\\\/69402884\\\/\"]}]}<\/script>\n<!-- \/ Yoast SEO plugin. -->","yoast_head_json":{"title":"COMPANY - Roforge, concepteur fabricant de solutions innovantes de robinetterie industrielle, forg\u00e9e et moul\u00e9e","description":"ROFORGE design department consists of engineers and technicians, all highly skilled and trained for the specific requirements of valves. Thanks to their listening skills and through a close collaboration with the sales department, the design department can design or improve equipments for all industrial sectors. The team works with tools such as Solidworks and Solidworks simulation.","robots":{"index":"index","follow":"follow","max-snippet":"max-snippet:-1","max-image-preview":"max-image-preview:large","max-video-preview":"max-video-preview:-1"},"canonical":"https:\/\/roforge.fr\/entreprise\/","og_locale":"en_US","og_type":"article","og_title":"COMPANY - Roforge, concepteur fabricant de solutions innovantes de robinetterie industrielle, forg\u00e9e et moul\u00e9e","og_description":"ROFORGE design department consists of engineers and technicians, all highly skilled and trained for the specific requirements of valves. Thanks to their listening skills and through a close collaboration with the sales department, the design department can design or improve equipments for all industrial sectors. The team works with tools such as Solidworks and Solidworks simulation.","og_url":"https:\/\/roforge.fr\/entreprise\/","og_site_name":"Roforge, concepteur fabricant de solutions innovantes de robinetterie industrielle, forg\u00e9e et moul\u00e9e","article_modified_time":"2018-02-16T17:25:24+00:00","twitter_card":"summary_large_image","twitter_misc":{"Est. reading time":"5 minutes"},"schema":{"@context":"https:\/\/schema.org","@graph":[{"@type":"WebPage","@id":"https:\/\/roforge.fr\/entreprise\/","url":"https:\/\/roforge.fr\/entreprise\/","name":"COMPANY - Roforge, concepteur fabricant de solutions innovantes de robinetterie industrielle, forg\u00e9e et moul\u00e9e","isPartOf":{"@id":"https:\/\/roforge.fr\/#website"},"datePublished":"2017-10-17T13:40:20+00:00","dateModified":"2018-02-16T17:25:24+00:00","description":"ROFORGE design department consists of engineers and technicians, all highly skilled and trained for the specific requirements of valves. Thanks to their listening skills and through a close collaboration with the sales department, the design department can design or improve equipments for all industrial sectors. The team works with tools such as Solidworks and Solidworks simulation.","breadcrumb":{"@id":"https:\/\/roforge.fr\/entreprise\/#breadcrumb"},"inLanguage":"en-US","potentialAction":[{"@type":"ReadAction","target":["https:\/\/roforge.fr\/entreprise\/"]}]},{"@type":"BreadcrumbList","@id":"https:\/\/roforge.fr\/entreprise\/#breadcrumb","itemListElement":[{"@type":"ListItem","position":1,"name":"Accueil","item":"https:\/\/roforge.fr\/en\/"},{"@type":"ListItem","position":2,"name":"COMPANY"}]},{"@type":"WebSite","@id":"https:\/\/roforge.fr\/#website","url":"https:\/\/roforge.fr\/","name":"Roforge, concepteur fabricant de solutions innovantes de robinetterie industrielle, forg\u00e9e et moul\u00e9e","description":"Solutions de robinetterie forg\u00e9e et moul\u00e9e","publisher":{"@id":"https:\/\/roforge.fr\/#organization"},"potentialAction":[{"@type":"SearchAction","target":{"@type":"EntryPoint","urlTemplate":"https:\/\/roforge.fr\/?s={search_term_string}"},"query-input":{"@type":"PropertyValueSpecification","valueRequired":true,"valueName":"search_term_string"}}],"inLanguage":"en-US"},{"@type":"Organization","@id":"https:\/\/roforge.fr\/#organization","name":"ROFORGE","url":"https:\/\/roforge.fr\/","logo":{"@type":"ImageObject","inLanguage":"en-US","@id":"https:\/\/roforge.fr\/#\/schema\/logo\/image\/","url":"https:\/\/roforge.fr\/wp-content\/uploads\/2018\/01\/picto-roforge.png","contentUrl":"https:\/\/roforge.fr\/wp-content\/uploads\/2018\/01\/picto-roforge.png","width":104,"height":31,"caption":"ROFORGE"},"image":{"@id":"https:\/\/roforge.fr\/#\/schema\/logo\/image\/"},"sameAs":["https:\/\/www.linkedin.com\/company\/69402884\/"]}]}},"_links":{"self":[{"href":"https:\/\/roforge.fr\/en\/wp-json\/wp\/v2\/pages\/367","targetHints":{"allow":["GET"]}}],"collection":[{"href":"https:\/\/roforge.fr\/en\/wp-json\/wp\/v2\/pages"}],"about":[{"href":"https:\/\/roforge.fr\/en\/wp-json\/wp\/v2\/types\/page"}],"author":[{"embeddable":true,"href":"https:\/\/roforge.fr\/en\/wp-json\/wp\/v2\/users\/8"}],"replies":[{"embeddable":true,"href":"https:\/\/roforge.fr\/en\/wp-json\/wp\/v2\/comments?post=367"}],"version-history":[{"count":0,"href":"https:\/\/roforge.fr\/en\/wp-json\/wp\/v2\/pages\/367\/revisions"}],"wp:attachment":[{"href":"https:\/\/roforge.fr\/en\/wp-json\/wp\/v2\/media?parent=367"}],"curies":[{"name":"wp","href":"https:\/\/api.w.org\/{rel}","templated":true}]}}