{"id":322,"date":"2017-10-17T15:39:51","date_gmt":"2017-10-17T13:39:51","guid":{"rendered":"http:\/\/roforge.fr\/applications\/"},"modified":"2018-02-21T10:34:39","modified_gmt":"2018-02-21T09:34:39","slug":"applications","status":"publish","type":"page","link":"https:\/\/roforge.fr\/en\/applications\/","title":{"rendered":"Applications"},"content":{"rendered":"<div class=\"wpb-content-wrapper\"><p>[vc_row css_animation=&#8221;&#8221; row_type=&#8221;row&#8221; use_row_as_full_screen_section=&#8221;no&#8221; type=&#8221;full_width&#8221; angled_section=&#8221;no&#8221; text_align=&#8221;left&#8221; background_image_as_pattern=&#8221;without_pattern&#8221; el_class=&#8221;nomarge&#8221;][vc_column][qode_elements_holder background_color=&#8221;#fc0d1b&#8221; number_of_columns=&#8221;two_columns&#8221;][qode_elements_holder_item advanced_animations=&#8221;no&#8221;][vc_single_image image=&#8221;85&#8243; img_size=&#8221;full&#8221; qode_css_animation=&#8221;&#8221;][\/qode_elements_holder_item][qode_elements_holder_item vertical_alignment=&#8221;top&#8221; advanced_animations=&#8221;no&#8221;][vc_column_text el_class=&#8221;surtitre&#8221;]<strong>END USER APPLICATIONS<\/strong>[\/vc_column_text][vc_column_text]<\/p>\n<h1>Design and manufacturing for all industries<\/h1>\n<p>[\/vc_column_text][\/qode_elements_holder_item][\/qode_elements_holder][\/vc_column][\/vc_row][vc_row css_animation=&#8221;&#8221; row_type=&#8221;row&#8221; use_row_as_full_screen_section=&#8221;no&#8221; type=&#8221;grid&#8221; angled_section=&#8221;no&#8221; text_align=&#8221;left&#8221; background_image_as_pattern=&#8221;without_pattern&#8221; el_class=&#8221;marge-sup&#8221;][vc_column][vc_column_text]<\/p>\n<h2><span class=\"lighter\">OUR<\/span><br \/>\nEND USER APPLICATIONS<\/h2>\n<p>ROFORGE industrial forged and cast valves solutions apply to every industry: refining, petrochemicals, chemistry, energy (thermal and nuclear power plants), general industry, navy and armament. ROFORGE designs and manufactures valves for EPCs, OEMs, end users (refineries, thermal power plants, chemical plants\u2026), as well as maintenance companies.<\/p>\n<p>ROFORGE works with a sales engineers network, as well as distributors and brokers to help you find the best solutions.[\/vc_column_text][\/vc_column][\/vc_row][vc_row css_animation=&#8221;&#8221; row_type=&#8221;row&#8221; use_row_as_full_screen_section=&#8221;no&#8221; type=&#8221;full_width&#8221; angled_section=&#8221;no&#8221; text_align=&#8221;left&#8221; background_image_as_pattern=&#8221;without_pattern&#8221; el_class=&#8221;bg_picto&#8221; el_id=&#8221;petrole&#8221;][vc_column][qode_elements_holder number_of_columns=&#8221;three_columns&#8221;][qode_elements_holder_item advanced_animations=&#8221;no&#8221;][vc_single_image image=&#8221;102&#8243; img_size=&#8221;full&#8221; qode_css_animation=&#8221;&#8221;][\/qode_elements_holder_item][qode_elements_holder_item vertical_alignment=&#8221;top&#8221; advanced_animations=&#8221;no&#8221;][vc_column_text el_class=&#8221;marge-bloc-txt&#8221;]<\/p>\n<h3>OIL<\/h3>\n<p><strong>ROFORGE has developped valves for refineries that can be used at high-temperature and with high temperature gases.<\/strong><\/p>\n<p>For instance, ROFORGE has studied the adapted design for shells to remove heat, the choice of materials (mecanical performance properties of steels and\/or alloys) and the choice of gaskets for temperatures over 600\u00b0C.[\/vc_column_text]<a  itemprop=\"url\" href=\"\/en\/field-application-oil\" target=\"_self\"  class=\"qbutton  default\" style=\"\">For more information about application<\/a>[\/qode_elements_holder_item][qode_elements_holder_item background_image=&#8221;111&#8243; vertical_alignment=&#8221;top&#8221; advanced_animations=&#8221;no&#8221;][\/qode_elements_holder_item][\/qode_elements_holder][\/vc_column][\/vc_row][vc_row css_animation=&#8221;&#8221; row_type=&#8221;row&#8221; use_row_as_full_screen_section=&#8221;no&#8221; type=&#8221;full_width&#8221; angled_section=&#8221;no&#8221; text_align=&#8221;left&#8221; background_image_as_pattern=&#8221;without_pattern&#8221; background_color=&#8221;#f3f3f3&#8243; el_class=&#8221;bg_picto nomarge&#8221; el_id=&#8221;petrochimie&#8221;][vc_column][qode_elements_holder number_of_columns=&#8221;three_columns&#8221;][qode_elements_holder_item advanced_animations=&#8221;no&#8221;][vc_single_image image=&#8221;104&#8243; img_size=&#8221;full&#8221; qode_css_animation=&#8221;&#8221;][\/qode_elements_holder_item][qode_elements_holder_item vertical_alignment=&#8221;top&#8221; advanced_animations=&#8221;no&#8221;][vc_column_text el_class=&#8221;marge-bloc-txt&#8221;]<\/p>\n<h3>PETROCHEMICALS<\/h3>\n<p><strong>ROFORGE has a rare know-how in the petrochemical PVC chemistry. We are obsessed with controlling leaks, especially when it comes to fugitive emissions.<br \/>\nROFORGE offers two sets of solutions: <\/strong>the welded bonnet technology or the bellow valve technology, which provides a double sealing with the valve stem packing.[\/vc_column_text]<a  itemprop=\"url\" href=\"\/en\/field-application-petrochemical\" target=\"_self\"  class=\"qbutton  default\" style=\"\">For more information about application<\/a>[\/qode_elements_holder_item][qode_elements_holder_item background_image=&#8221;160&#8243; vertical_alignment=&#8221;top&#8221; advanced_animations=&#8221;no&#8221;][\/qode_elements_holder_item][\/qode_elements_holder][\/vc_column][\/vc_row][vc_row css_animation=&#8221;&#8221; row_type=&#8221;row&#8221; use_row_as_full_screen_section=&#8221;no&#8221; type=&#8221;full_width&#8221; angled_section=&#8221;no&#8221; text_align=&#8221;left&#8221; background_image_as_pattern=&#8221;without_pattern&#8221; el_class=&#8221;bg_picto nomarge&#8221; el_id=&#8221;chimie&#8221;][vc_column][qode_elements_holder number_of_columns=&#8221;three_columns&#8221;][qode_elements_holder_item advanced_animations=&#8221;no&#8221;][vc_single_image image=&#8221;107&#8243; img_size=&#8221;full&#8221; qode_css_animation=&#8221;&#8221;][\/qode_elements_holder_item][qode_elements_holder_item vertical_alignment=&#8221;top&#8221; advanced_animations=&#8221;no&#8221;][vc_column_text el_class=&#8221;marge-bloc-txt&#8221;]<\/p>\n<h3>CHEMISTRY<\/h3>\n<p><strong>In the chemical industry, customers are not only end users, they are also EPCs for the construction of plants and units.<\/strong><\/p>\n<p>ROFORGE has taken part in making units for PVC polymerization. ROFORGE offers a range of piston valves for reactors.<br \/>\nThese solutions have been designed and tested for discharge, charge, inhibitor injection rinsing and sampling applications. On this range, ROFORGE has dozens of years of feedback, thanks to hundreds of valves in use around the world.[\/vc_column_text]<a  itemprop=\"url\" href=\"\/en\/field-of-application-chemistry\" target=\"_self\"  class=\"qbutton  default\" style=\"\">For more information about application<\/a>[\/qode_elements_holder_item][qode_elements_holder_item background_image=&#8221;156&#8243; vertical_alignment=&#8221;top&#8221; advanced_animations=&#8221;no&#8221;][\/qode_elements_holder_item][\/qode_elements_holder][\/vc_column][\/vc_row][vc_row css_animation=&#8221;&#8221; row_type=&#8221;row&#8221; use_row_as_full_screen_section=&#8221;no&#8221; type=&#8221;full_width&#8221; angled_section=&#8221;no&#8221; text_align=&#8221;left&#8221; background_image_as_pattern=&#8221;without_pattern&#8221; background_color=&#8221;#f3f3f3&#8243; el_class=&#8221;bg_picto nomarge&#8221; el_id=&#8221;energie&#8221;][vc_column][qode_elements_holder number_of_columns=&#8221;three_columns&#8221;][qode_elements_holder_item advanced_animations=&#8221;no&#8221;][vc_single_image image=&#8221;103&#8243; img_size=&#8221;full&#8221; qode_css_animation=&#8221;&#8221;][\/qode_elements_holder_item][qode_elements_holder_item vertical_alignment=&#8221;top&#8221; advanced_animations=&#8221;no&#8221;][vc_column_text el_class=&#8221;marge-bloc-txt&#8221;]<\/p>\n<h3>ENERGY<\/h3>\n<p><strong>In the energy sector, ROFORGE works for thermal and nuclear power plant operators, cogeneration equipments, industrial boiler manufacturers and equipments for this sector.<\/strong><\/p>\n<p>The solution provided by ROFORGE is a range of high performance, strong and efficient valves, specially adapted to high pressure service \u2013 over 100 bars \u2013 and high temperature over 500\u00b0.[\/vc_column_text]<a  itemprop=\"url\" href=\"\/en\/field-application-energy\" target=\"_self\"  class=\"qbutton  default\" style=\"\">For more information about application<\/a>[\/qode_elements_holder_item][qode_elements_holder_item background_image=&#8221;158&#8243; vertical_alignment=&#8221;top&#8221; advanced_animations=&#8221;no&#8221;][\/qode_elements_holder_item][\/qode_elements_holder][\/vc_column][\/vc_row][vc_row css_animation=&#8221;&#8221; row_type=&#8221;row&#8221; use_row_as_full_screen_section=&#8221;no&#8221; type=&#8221;full_width&#8221; angled_section=&#8221;no&#8221; text_align=&#8221;left&#8221; background_image_as_pattern=&#8221;without_pattern&#8221; el_class=&#8221;bg_picto nomarge&#8221; el_id=&#8221;industrie&#8221;][vc_column][qode_elements_holder number_of_columns=&#8221;three_columns&#8221;][qode_elements_holder_item advanced_animations=&#8221;no&#8221;][vc_single_image image=&#8221;106&#8243; img_size=&#8221;full&#8221; qode_css_animation=&#8221;&#8221;][\/qode_elements_holder_item][qode_elements_holder_item vertical_alignment=&#8221;top&#8221; advanced_animations=&#8221;no&#8221;][vc_column_text el_class=&#8221;marge-bloc-txt&#8221;]<\/p>\n<h3>INDUSTRY<\/h3>\n<p><strong>In the general industry sector, ROFORGE works in industrial gas, tyre industry, paper industry and agrofood industry\u2026<\/strong><\/p>\n<p>ROFORGE provides specialized valves dedicated to cryogenics (liquified gas, nitrogen, oxygen\u2026). The strength of this solution comes from a bespoke cryogenic extension adapted to the customer\u2019s technology. We improve reliability thanks to operating tests as well as many non destructive tests.[\/vc_column_text]<a  itemprop=\"url\" href=\"\/en\/field-application-industry\" target=\"_self\"  class=\"qbutton  default\" style=\"\">For more information about application<\/a>[\/qode_elements_holder_item][qode_elements_holder_item background_image=&#8221;164&#8243; vertical_alignment=&#8221;top&#8221; advanced_animations=&#8221;no&#8221;][\/qode_elements_holder_item][\/qode_elements_holder][\/vc_column][\/vc_row][vc_row css_animation=&#8221;&#8221; row_type=&#8221;row&#8221; use_row_as_full_screen_section=&#8221;no&#8221; type=&#8221;full_width&#8221; angled_section=&#8221;no&#8221; text_align=&#8221;left&#8221; background_image_as_pattern=&#8221;without_pattern&#8221; background_color=&#8221;#f3f3f3&#8243; el_class=&#8221;bg_picto nomarge&#8221; el_id=&#8221;marine-armement&#8221;][vc_column][qode_elements_holder number_of_columns=&#8221;three_columns&#8221;][qode_elements_holder_item advanced_animations=&#8221;no&#8221;][vc_single_image image=&#8221;105&#8243; img_size=&#8221;full&#8221; qode_css_animation=&#8221;&#8221;][\/qode_elements_holder_item][qode_elements_holder_item vertical_alignment=&#8221;top&#8221; advanced_animations=&#8221;no&#8221;][vc_column_text el_class=&#8221;marge-bloc-txt&#8221;]<\/p>\n<h3>NAVY AND ARMAMENT<\/h3>\n<p><strong>For the naval sector, ROFORGE mainly works in armament, particularly for diesel and nuclear submarines.<\/strong><\/p>\n<p>ROFORGE provides a range dedicated to controlling flow and pressure loss in the system. This adjusting and balancing ROR valve is a RONFARD technology.[\/vc_column_text]<a  itemprop=\"url\" href=\"\/en\/field-application-navy-weaponry\" target=\"_self\"  class=\"qbutton  default\" style=\"\">For more information about application<\/a>[\/qode_elements_holder_item][qode_elements_holder_item background_image=&#8221;162&#8243; vertical_alignment=&#8221;top&#8221; advanced_animations=&#8221;no&#8221;][\/qode_elements_holder_item][\/qode_elements_holder][\/vc_column][\/vc_row]<\/p>\n<\/div>","protected":false},"excerpt":{"rendered":"<p>[vc_row css_animation=&#8221;&#8221; row_type=&#8221;row&#8221; use_row_as_full_screen_section=&#8221;no&#8221; type=&#8221;full_width&#8221; angled_section=&#8221;no&#8221; text_align=&#8221;left&#8221; background_image_as_pattern=&#8221;without_pattern&#8221; el_class=&#8221;nomarge&#8221;][vc_column][qode_elements_holder background_color=&#8221;#fc0d1b&#8221; number_of_columns=&#8221;two_columns&#8221;][qode_elements_holder_item advanced_animations=&#8221;no&#8221;][vc_single_image image=&#8221;85&#8243; img_size=&#8221;full&#8221; qode_css_animation=&#8221;&#8221;][\/qode_elements_holder_item][qode_elements_holder_item vertical_alignment=&#8221;top&#8221; advanced_animations=&#8221;no&#8221;][vc_column_text el_class=&#8221;surtitre&#8221;]END USER APPLICATIONS[\/vc_column_text][vc_column_text] Design and manufacturing for all industries [\/vc_column_text][\/qode_elements_holder_item][\/qode_elements_holder][\/vc_column][\/vc_row][vc_row css_animation=&#8221;&#8221; row_type=&#8221;row&#8221; use_row_as_full_screen_section=&#8221;no&#8221; type=&#8221;grid&#8221; angled_section=&#8221;no&#8221; text_align=&#8221;left&#8221; background_image_as_pattern=&#8221;without_pattern&#8221; el_class=&#8221;marge-sup&#8221;][vc_column][vc_column_text] OUR END USER APPLICATIONS ROFORGE industrial forged and cast valves&#8230;<\/p>\n","protected":false},"author":8,"featured_media":0,"parent":0,"menu_order":0,"comment_status":"closed","ping_status":"closed","template":"full_width.php","meta":{"_acf_changed":false,"inline_featured_image":false,"footnotes":""},"class_list":["post-322","page","type-page","status-publish","hentry"],"acf":[],"yoast_head":"<!-- This site is optimized with the Yoast SEO plugin v27.3 - https:\/\/yoast.com\/product\/yoast-seo-wordpress\/ -->\n<title>Applications - Roforge, concepteur fabricant de solutions innovantes de robinetterie industrielle, forg\u00e9e et moul\u00e9e<\/title>\n<meta name=\"description\" content=\"ROFORGE industrial forged and cast valves solutions apply to every industry: refining, petrochemicals, chemistry, energy (thermal and nuclear power plants), general industry, navy and armament.\" \/>\n<meta name=\"robots\" content=\"index, follow, max-snippet:-1, max-image-preview:large, max-video-preview:-1\" \/>\n<link rel=\"canonical\" href=\"https:\/\/roforge.fr\/applications\/\" \/>\n<meta property=\"og:locale\" content=\"en_US\" \/>\n<meta property=\"og:type\" content=\"article\" \/>\n<meta property=\"og:title\" content=\"Applications - Roforge, concepteur fabricant de solutions innovantes de robinetterie industrielle, forg\u00e9e et moul\u00e9e\" \/>\n<meta property=\"og:description\" content=\"ROFORGE industrial forged and cast valves solutions apply to every industry: refining, petrochemicals, chemistry, energy (thermal and nuclear power plants), general industry, navy and armament.\" \/>\n<meta property=\"og:url\" content=\"https:\/\/roforge.fr\/applications\/\" \/>\n<meta property=\"og:site_name\" content=\"Roforge, concepteur fabricant de solutions innovantes de robinetterie industrielle, forg\u00e9e et moul\u00e9e\" \/>\n<meta property=\"article:modified_time\" content=\"2018-02-21T09:34:39+00:00\" \/>\n<meta name=\"twitter:card\" content=\"summary_large_image\" \/>\n<meta name=\"twitter:label1\" content=\"Est. reading time\" \/>\n\t<meta name=\"twitter:data1\" content=\"7 minutes\" \/>\n<script type=\"application\/ld+json\" class=\"yoast-schema-graph\">{\"@context\":\"https:\\\/\\\/schema.org\",\"@graph\":[{\"@type\":\"WebPage\",\"@id\":\"https:\\\/\\\/roforge.fr\\\/applications\\\/\",\"url\":\"https:\\\/\\\/roforge.fr\\\/applications\\\/\",\"name\":\"Applications - Roforge, concepteur fabricant de solutions innovantes de robinetterie industrielle, forg\u00e9e et moul\u00e9e\",\"isPartOf\":{\"@id\":\"https:\\\/\\\/roforge.fr\\\/#website\"},\"datePublished\":\"2017-10-17T13:39:51+00:00\",\"dateModified\":\"2018-02-21T09:34:39+00:00\",\"description\":\"ROFORGE industrial forged and cast valves solutions apply to every industry: refining, petrochemicals, chemistry, energy (thermal and nuclear power plants), general industry, navy and armament.\",\"breadcrumb\":{\"@id\":\"https:\\\/\\\/roforge.fr\\\/applications\\\/#breadcrumb\"},\"inLanguage\":\"en-US\",\"potentialAction\":[{\"@type\":\"ReadAction\",\"target\":[\"https:\\\/\\\/roforge.fr\\\/applications\\\/\"]}]},{\"@type\":\"BreadcrumbList\",\"@id\":\"https:\\\/\\\/roforge.fr\\\/applications\\\/#breadcrumb\",\"itemListElement\":[{\"@type\":\"ListItem\",\"position\":1,\"name\":\"Accueil\",\"item\":\"https:\\\/\\\/roforge.fr\\\/en\\\/\"},{\"@type\":\"ListItem\",\"position\":2,\"name\":\"Applications\"}]},{\"@type\":\"WebSite\",\"@id\":\"https:\\\/\\\/roforge.fr\\\/#website\",\"url\":\"https:\\\/\\\/roforge.fr\\\/\",\"name\":\"Roforge, concepteur fabricant de solutions innovantes de robinetterie industrielle, forg\u00e9e et moul\u00e9e\",\"description\":\"Solutions de robinetterie forg\u00e9e et moul\u00e9e\",\"publisher\":{\"@id\":\"https:\\\/\\\/roforge.fr\\\/#organization\"},\"potentialAction\":[{\"@type\":\"SearchAction\",\"target\":{\"@type\":\"EntryPoint\",\"urlTemplate\":\"https:\\\/\\\/roforge.fr\\\/?s={search_term_string}\"},\"query-input\":{\"@type\":\"PropertyValueSpecification\",\"valueRequired\":true,\"valueName\":\"search_term_string\"}}],\"inLanguage\":\"en-US\"},{\"@type\":\"Organization\",\"@id\":\"https:\\\/\\\/roforge.fr\\\/#organization\",\"name\":\"ROFORGE\",\"url\":\"https:\\\/\\\/roforge.fr\\\/\",\"logo\":{\"@type\":\"ImageObject\",\"inLanguage\":\"en-US\",\"@id\":\"https:\\\/\\\/roforge.fr\\\/#\\\/schema\\\/logo\\\/image\\\/\",\"url\":\"https:\\\/\\\/roforge.fr\\\/wp-content\\\/uploads\\\/2018\\\/01\\\/picto-roforge.png\",\"contentUrl\":\"https:\\\/\\\/roforge.fr\\\/wp-content\\\/uploads\\\/2018\\\/01\\\/picto-roforge.png\",\"width\":104,\"height\":31,\"caption\":\"ROFORGE\"},\"image\":{\"@id\":\"https:\\\/\\\/roforge.fr\\\/#\\\/schema\\\/logo\\\/image\\\/\"},\"sameAs\":[\"https:\\\/\\\/www.linkedin.com\\\/company\\\/69402884\\\/\"]}]}<\/script>\n<!-- \/ Yoast SEO plugin. -->","yoast_head_json":{"title":"Applications - Roforge, concepteur fabricant de solutions innovantes de robinetterie industrielle, forg\u00e9e et moul\u00e9e","description":"ROFORGE industrial forged and cast valves solutions apply to every industry: refining, petrochemicals, chemistry, energy (thermal and nuclear power plants), general industry, navy and armament.","robots":{"index":"index","follow":"follow","max-snippet":"max-snippet:-1","max-image-preview":"max-image-preview:large","max-video-preview":"max-video-preview:-1"},"canonical":"https:\/\/roforge.fr\/applications\/","og_locale":"en_US","og_type":"article","og_title":"Applications - Roforge, concepteur fabricant de solutions innovantes de robinetterie industrielle, forg\u00e9e et moul\u00e9e","og_description":"ROFORGE industrial forged and cast valves solutions apply to every industry: refining, petrochemicals, chemistry, energy (thermal and nuclear power plants), general industry, navy and armament.","og_url":"https:\/\/roforge.fr\/applications\/","og_site_name":"Roforge, concepteur fabricant de solutions innovantes de robinetterie industrielle, forg\u00e9e et moul\u00e9e","article_modified_time":"2018-02-21T09:34:39+00:00","twitter_card":"summary_large_image","twitter_misc":{"Est. reading time":"7 minutes"},"schema":{"@context":"https:\/\/schema.org","@graph":[{"@type":"WebPage","@id":"https:\/\/roforge.fr\/applications\/","url":"https:\/\/roforge.fr\/applications\/","name":"Applications - Roforge, concepteur fabricant de solutions innovantes de robinetterie industrielle, forg\u00e9e et moul\u00e9e","isPartOf":{"@id":"https:\/\/roforge.fr\/#website"},"datePublished":"2017-10-17T13:39:51+00:00","dateModified":"2018-02-21T09:34:39+00:00","description":"ROFORGE industrial forged and cast valves solutions apply to every industry: refining, petrochemicals, chemistry, energy (thermal and nuclear power plants), general industry, navy and armament.","breadcrumb":{"@id":"https:\/\/roforge.fr\/applications\/#breadcrumb"},"inLanguage":"en-US","potentialAction":[{"@type":"ReadAction","target":["https:\/\/roforge.fr\/applications\/"]}]},{"@type":"BreadcrumbList","@id":"https:\/\/roforge.fr\/applications\/#breadcrumb","itemListElement":[{"@type":"ListItem","position":1,"name":"Accueil","item":"https:\/\/roforge.fr\/en\/"},{"@type":"ListItem","position":2,"name":"Applications"}]},{"@type":"WebSite","@id":"https:\/\/roforge.fr\/#website","url":"https:\/\/roforge.fr\/","name":"Roforge, concepteur fabricant de solutions innovantes de robinetterie industrielle, forg\u00e9e et moul\u00e9e","description":"Solutions de robinetterie forg\u00e9e et moul\u00e9e","publisher":{"@id":"https:\/\/roforge.fr\/#organization"},"potentialAction":[{"@type":"SearchAction","target":{"@type":"EntryPoint","urlTemplate":"https:\/\/roforge.fr\/?s={search_term_string}"},"query-input":{"@type":"PropertyValueSpecification","valueRequired":true,"valueName":"search_term_string"}}],"inLanguage":"en-US"},{"@type":"Organization","@id":"https:\/\/roforge.fr\/#organization","name":"ROFORGE","url":"https:\/\/roforge.fr\/","logo":{"@type":"ImageObject","inLanguage":"en-US","@id":"https:\/\/roforge.fr\/#\/schema\/logo\/image\/","url":"https:\/\/roforge.fr\/wp-content\/uploads\/2018\/01\/picto-roforge.png","contentUrl":"https:\/\/roforge.fr\/wp-content\/uploads\/2018\/01\/picto-roforge.png","width":104,"height":31,"caption":"ROFORGE"},"image":{"@id":"https:\/\/roforge.fr\/#\/schema\/logo\/image\/"},"sameAs":["https:\/\/www.linkedin.com\/company\/69402884\/"]}]}},"_links":{"self":[{"href":"https:\/\/roforge.fr\/en\/wp-json\/wp\/v2\/pages\/322","targetHints":{"allow":["GET"]}}],"collection":[{"href":"https:\/\/roforge.fr\/en\/wp-json\/wp\/v2\/pages"}],"about":[{"href":"https:\/\/roforge.fr\/en\/wp-json\/wp\/v2\/types\/page"}],"author":[{"embeddable":true,"href":"https:\/\/roforge.fr\/en\/wp-json\/wp\/v2\/users\/8"}],"replies":[{"embeddable":true,"href":"https:\/\/roforge.fr\/en\/wp-json\/wp\/v2\/comments?post=322"}],"version-history":[{"count":0,"href":"https:\/\/roforge.fr\/en\/wp-json\/wp\/v2\/pages\/322\/revisions"}],"wp:attachment":[{"href":"https:\/\/roforge.fr\/en\/wp-json\/wp\/v2\/media?parent=322"}],"curies":[{"name":"wp","href":"https:\/\/api.w.org\/{rel}","templated":true}]}}